{"id":3158,"date":"2025-09-15T12:51:30","date_gmt":"2025-09-15T10:51:30","guid":{"rendered":"https:\/\/madona.salvador-dali.org\/credits\/"},"modified":"2025-09-16T12:13:23","modified_gmt":"2025-09-16T10:13:23","slug":"credits","status":"publish","type":"page","link":"https:\/\/madona.salvador-dali.org\/fr\/credits\/","title":{"rendered":"Cr\u00e9dits"},"content":{"rendered":"\n<div style=\"height:50px\" aria-hidden=\"true\" class=\"wp-block-spacer\"><\/div>\n\n\n\n<div class=\"wp-block-columns pag-credits is-layout-flex wp-container-core-columns-is-layout-9d6595d7 wp-block-columns-is-layout-flex\">\n<div class=\"wp-block-column is-layout-flow wp-block-column-is-layout-flow\">\n<p><strong>EXPOSITION<\/strong><br>COMMISSARIAT G\u00c9N\u00c9RAL<br>Montse Aguer Teixidor<\/p>\n\n\n\n<p>COORDINATION G\u00c9N\u00c9RALE<br>Rosa Maria Maurell<br>Cl\u00e0udia Galli<\/p>\n\n\n\n<p>Avec la collaboration de Maria Carreras et Lucia Moni<\/p>\n\n\n\n<p>Documentation : Centre d\u2019\u00c9tudes Daliniennes<br>Design : Pep Canaleta, 3carme33<br>Graphisme : Alex Gifreu<br>Conservation pr\u00e9ventive : Irene Civil, Josep Maria Guillamet<br>Registre : Adriana Francescutto<br>Communication : Imma Parada<br>Transformation num\u00e9rique : Pere Gal\u00e1n<br>Gestion des droits : Mercedes Aznar<br>Montage : Roger Ferrer, Ferran Ortega<\/p>\n\n\n\n<div style=\"height:50px\" aria-hidden=\"true\" class=\"wp-block-spacer\"><\/div>\n\n\n\n<p><strong>AUDIOVISUEL<\/strong><br>Un documentaire de la Fondation Gala-Salvador Dal\u00ed<\/p>\n\n\n\n<p><strong>R\u00e9alisation<\/strong><br>David Pujol<\/p>\n\n\n\n<p><strong>Sc\u00e9nario<\/strong><br>Montse Aguer \u2013 David Pujol<br>Avec la collaboration de Lucia Moni<\/p>\n\n\n\n<p><strong>Montage<\/strong><br>Jordi Mu\u00f1oz Sall\u00f3 (Ammac)<\/p>\n\n\n\n<p><strong>Coordination des contenus et documentation<\/strong><br>Lucia Moni<\/p>\n\n\n\n<p><strong>Assistante de coordination des contenus et documentation<\/strong><br>Maria Carreras<\/p>\n\n\n\n<p>Avec les conseils de Cl\u00e0udia Galli et Rosa M. Maurell (Centre d\u2019\u00c9tudes Daliniennes)<\/p>\n\n\n\n<p>Gestion des droits : Mercedes Aznar<br>Conception sonore et mixage : G23<br>Traductions : Marielle Lemarchand (fran\u00e7ais), Graham Thompson (anglais)<br>Voix doubl\u00e9e de Salvador Dal\u00ed : Jordi Boixaderas<\/p>\n\n\n\n<div style=\"height:50px\" aria-hidden=\"true\" class=\"wp-block-spacer\"><\/div>\n\n\n\n<p><strong>PUBLICATION NUM\u00c9RIQUE<\/strong><br>Les textes de ce site web sont extraits de la publication <em>La Madone de Portlligat. Une explosion onirique<\/em>, une monographie r\u00e9alis\u00e9e \u00e0 l\u2019occasion de l\u2019exposition du m\u00eame nom.<\/p>\n\n\n\n<p>Des \u0153uvres de Salvador Dal\u00ed :<br><strong>\u00a9 Salvador Dal\u00ed, Fondation Gala-Salvador Dal\u00ed, Figueres, 2025<\/strong><\/p>\n\n\n\n<p>De l\u2019image de Salvador Dal\u00ed :<br><strong>Droits d\u2019image de Salvador Dal\u00ed r\u00e9serv\u00e9s. Fondation Gala-Salvador Dal\u00ed, Figueres, 2025<\/strong><\/p>\n\n\n\n<p>Programmation web Design et gestion de projet : \u00a0<a href=\"https:\/\/latempesta.cc\/\" target=\"_blank\" rel=\"noreferrer noopener\">La Tempesta<\/a><\/p>\n\n\n\n<p>Septembre 2025<\/p>\n<\/div>\n<\/div>\n","protected":false},"excerpt":{"rendered":"<p>EXPOSITIONCOMMISSARIAT G\u00c9N\u00c9RALMontse Aguer Teixidor COORDINATION G\u00c9N\u00c9RALERosa Maria MaurellCl\u00e0udia Galli Avec la collaboration de Maria Carreras et Lucia Moni Documentation : Centre d\u2019\u00c9tudes DaliniennesDesign : Pep Canaleta, 3carme33Graphisme : Alex GifreuConservation pr\u00e9ventive : Irene Civil, Josep Maria GuillametRegistre : Adriana FrancescuttoCommunication : Imma ParadaTransformation num\u00e9rique : Pere Gal\u00e1nGestion des droits : Mercedes AznarMontage : Roger Ferrer, [&#8230;]<\/p>\n<p><a class=\"btn btn-secondary understrap-read-more-link\" href=\"https:\/\/madona.salvador-dali.org\/fr\/credits\/\">Lire la suite\u2026<span class=\"screen-reader-text\"> from Cr\u00e9dits<\/span><\/a><\/p>\n","protected":false},"author":6,"featured_media":0,"parent":0,"menu_order":0,"comment_status":"closed","ping_status":"closed","template":"","meta":{"_acf_changed":false,"inline_featured_image":false,"footnotes":""},"class_list":["post-3158","page","type-page","status-publish","hentry"],"acf":[],"yoast_head":"<!-- This site is optimized with the Yoast SEO plugin v27.5 - https:\/\/yoast.com\/product\/yoast-seo-wordpress\/ -->\n<title>Cr\u00e9dits - La Madona de Portlligat<\/title>\n<meta name=\"robots\" content=\"index, follow, max-snippet:-1, max-image-preview:large, max-video-preview:-1\" \/>\n<link rel=\"canonical\" href=\"https:\/\/madona.salvador-dali.org\/fr\/credits\/\" \/>\n<meta property=\"og:locale\" content=\"fr_FR\" \/>\n<meta property=\"og:type\" content=\"article\" \/>\n<meta property=\"og:title\" content=\"Cr\u00e9dits - La Madona de Portlligat\" \/>\n<meta property=\"og:description\" content=\"EXPOSITIONCOMMISSARIAT G\u00c9N\u00c9RALMontse Aguer Teixidor COORDINATION G\u00c9N\u00c9RALERosa Maria MaurellCl\u00e0udia Galli Avec la collaboration de Maria Carreras et Lucia Moni Documentation : Centre d\u2019\u00c9tudes DaliniennesDesign : Pep Canaleta, 3carme33Graphisme : Alex GifreuConservation pr\u00e9ventive : Irene Civil, Josep Maria GuillametRegistre : Adriana FrancescuttoCommunication : Imma ParadaTransformation num\u00e9rique : Pere Gal\u00e1nGestion des droits : Mercedes AznarMontage : Roger Ferrer, [...]Lire la suite\u2026 from Cr\u00e9dits\" \/>\n<meta property=\"og:url\" content=\"https:\/\/madona.salvador-dali.org\/fr\/credits\/\" \/>\n<meta property=\"og:site_name\" content=\"La Madona de Portlligat\" \/>\n<meta property=\"article:publisher\" content=\"https:\/\/www.facebook.com\/MuseusDali\" \/>\n<meta property=\"article:modified_time\" content=\"2025-09-16T10:13:23+00:00\" \/>\n<meta name=\"twitter:card\" content=\"summary_large_image\" \/>\n<meta name=\"twitter:site\" content=\"@MuseuDali\" \/>\n<meta name=\"twitter:label1\" content=\"Dur\u00e9e de lecture estim\u00e9e\" \/>\n\t<meta name=\"twitter:data1\" content=\"1 minute\" \/>\n<script type=\"application\/ld+json\" class=\"yoast-schema-graph\">{\"@context\":\"https:\\\/\\\/schema.org\",\"@graph\":[{\"@type\":\"WebPage\",\"@id\":\"https:\\\/\\\/madona.salvador-dali.org\\\/fr\\\/credits\\\/\",\"url\":\"https:\\\/\\\/madona.salvador-dali.org\\\/fr\\\/credits\\\/\",\"name\":\"Cr\u00e9dits - La Madona de Portlligat\",\"isPartOf\":{\"@id\":\"https:\\\/\\\/madona.salvador-dali.org\\\/fr\\\/#website\"},\"datePublished\":\"2025-09-15T10:51:30+00:00\",\"dateModified\":\"2025-09-16T10:13:23+00:00\",\"breadcrumb\":{\"@id\":\"https:\\\/\\\/madona.salvador-dali.org\\\/fr\\\/credits\\\/#breadcrumb\"},\"inLanguage\":\"fr-FR\",\"potentialAction\":[{\"@type\":\"ReadAction\",\"target\":[\"https:\\\/\\\/madona.salvador-dali.org\\\/fr\\\/credits\\\/\"]}]},{\"@type\":\"BreadcrumbList\",\"@id\":\"https:\\\/\\\/madona.salvador-dali.org\\\/fr\\\/credits\\\/#breadcrumb\",\"itemListElement\":[{\"@type\":\"ListItem\",\"position\":1,\"name\":\"Inici\",\"item\":\"https:\\\/\\\/madona.salvador-dali.org\\\/fr\\\/\"},{\"@type\":\"ListItem\",\"position\":2,\"name\":\"Cr\u00e9dits\"}]},{\"@type\":\"WebSite\",\"@id\":\"https:\\\/\\\/madona.salvador-dali.org\\\/fr\\\/#website\",\"url\":\"https:\\\/\\\/madona.salvador-dali.org\\\/fr\\\/\",\"name\":\"La Madona de Portlligat\",\"description\":\"Una explosi\u00f3 on\u00edrica\",\"publisher\":{\"@id\":\"https:\\\/\\\/madona.salvador-dali.org\\\/fr\\\/#organization\"},\"potentialAction\":[{\"@type\":\"SearchAction\",\"target\":{\"@type\":\"EntryPoint\",\"urlTemplate\":\"https:\\\/\\\/madona.salvador-dali.org\\\/fr\\\/?s={search_term_string}\"},\"query-input\":{\"@type\":\"PropertyValueSpecification\",\"valueRequired\":true,\"valueName\":\"search_term_string\"}}],\"inLanguage\":\"fr-FR\"},{\"@type\":\"Organization\",\"@id\":\"https:\\\/\\\/madona.salvador-dali.org\\\/fr\\\/#organization\",\"name\":\"Fundaci\u00f3 Gala-Salvador Dal\u00ed\",\"url\":\"https:\\\/\\\/madona.salvador-dali.org\\\/fr\\\/\",\"logo\":{\"@type\":\"ImageObject\",\"inLanguage\":\"fr-FR\",\"@id\":\"https:\\\/\\\/madona.salvador-dali.org\\\/fr\\\/#\\\/schema\\\/logo\\\/image\\\/\",\"url\":\"https:\\\/\\\/madona.salvador-dali.org\\\/wp-content\\\/uploads\\\/2025\\\/08\\\/logo-fundacio-gala-salvador-black.svg\",\"contentUrl\":\"https:\\\/\\\/madona.salvador-dali.org\\\/wp-content\\\/uploads\\\/2025\\\/08\\\/logo-fundacio-gala-salvador-black.svg\",\"caption\":\"Fundaci\u00f3 Gala-Salvador Dal\u00ed\"},\"image\":{\"@id\":\"https:\\\/\\\/madona.salvador-dali.org\\\/fr\\\/#\\\/schema\\\/logo\\\/image\\\/\"},\"sameAs\":[\"https:\\\/\\\/www.facebook.com\\\/MuseusDali\",\"https:\\\/\\\/x.com\\\/MuseuDali\",\"https:\\\/\\\/www.youtube.com\\\/user\\\/FundacioDali\",\"https:\\\/\\\/www.flickr.com\\\/fundacio_dali\\\/\",\"https:\\\/\\\/instagram.com\\\/museudali\"]}]}<\/script>\n<!-- \/ Yoast SEO plugin. -->","yoast_head_json":{"title":"Cr\u00e9dits - La Madona de Portlligat","robots":{"index":"index","follow":"follow","max-snippet":"max-snippet:-1","max-image-preview":"max-image-preview:large","max-video-preview":"max-video-preview:-1"},"canonical":"https:\/\/madona.salvador-dali.org\/fr\/credits\/","og_locale":"fr_FR","og_type":"article","og_title":"Cr\u00e9dits - La Madona de Portlligat","og_description":"EXPOSITIONCOMMISSARIAT G\u00c9N\u00c9RALMontse Aguer Teixidor COORDINATION G\u00c9N\u00c9RALERosa Maria MaurellCl\u00e0udia Galli Avec la collaboration de Maria Carreras et Lucia Moni Documentation : Centre d\u2019\u00c9tudes DaliniennesDesign : Pep Canaleta, 3carme33Graphisme : Alex GifreuConservation pr\u00e9ventive : Irene Civil, Josep Maria GuillametRegistre : Adriana FrancescuttoCommunication : Imma ParadaTransformation num\u00e9rique : Pere Gal\u00e1nGestion des droits : Mercedes AznarMontage : Roger Ferrer, [...]Lire la suite\u2026 from Cr\u00e9dits","og_url":"https:\/\/madona.salvador-dali.org\/fr\/credits\/","og_site_name":"La Madona de Portlligat","article_publisher":"https:\/\/www.facebook.com\/MuseusDali","article_modified_time":"2025-09-16T10:13:23+00:00","twitter_card":"summary_large_image","twitter_site":"@MuseuDali","twitter_misc":{"Dur\u00e9e de lecture estim\u00e9e":"1 minute"},"schema":{"@context":"https:\/\/schema.org","@graph":[{"@type":"WebPage","@id":"https:\/\/madona.salvador-dali.org\/fr\/credits\/","url":"https:\/\/madona.salvador-dali.org\/fr\/credits\/","name":"Cr\u00e9dits - La Madona de Portlligat","isPartOf":{"@id":"https:\/\/madona.salvador-dali.org\/fr\/#website"},"datePublished":"2025-09-15T10:51:30+00:00","dateModified":"2025-09-16T10:13:23+00:00","breadcrumb":{"@id":"https:\/\/madona.salvador-dali.org\/fr\/credits\/#breadcrumb"},"inLanguage":"fr-FR","potentialAction":[{"@type":"ReadAction","target":["https:\/\/madona.salvador-dali.org\/fr\/credits\/"]}]},{"@type":"BreadcrumbList","@id":"https:\/\/madona.salvador-dali.org\/fr\/credits\/#breadcrumb","itemListElement":[{"@type":"ListItem","position":1,"name":"Inici","item":"https:\/\/madona.salvador-dali.org\/fr\/"},{"@type":"ListItem","position":2,"name":"Cr\u00e9dits"}]},{"@type":"WebSite","@id":"https:\/\/madona.salvador-dali.org\/fr\/#website","url":"https:\/\/madona.salvador-dali.org\/fr\/","name":"La Madona de Portlligat","description":"Una explosi\u00f3 on\u00edrica","publisher":{"@id":"https:\/\/madona.salvador-dali.org\/fr\/#organization"},"potentialAction":[{"@type":"SearchAction","target":{"@type":"EntryPoint","urlTemplate":"https:\/\/madona.salvador-dali.org\/fr\/?s={search_term_string}"},"query-input":{"@type":"PropertyValueSpecification","valueRequired":true,"valueName":"search_term_string"}}],"inLanguage":"fr-FR"},{"@type":"Organization","@id":"https:\/\/madona.salvador-dali.org\/fr\/#organization","name":"Fundaci\u00f3 Gala-Salvador Dal\u00ed","url":"https:\/\/madona.salvador-dali.org\/fr\/","logo":{"@type":"ImageObject","inLanguage":"fr-FR","@id":"https:\/\/madona.salvador-dali.org\/fr\/#\/schema\/logo\/image\/","url":"https:\/\/madona.salvador-dali.org\/wp-content\/uploads\/2025\/08\/logo-fundacio-gala-salvador-black.svg","contentUrl":"https:\/\/madona.salvador-dali.org\/wp-content\/uploads\/2025\/08\/logo-fundacio-gala-salvador-black.svg","caption":"Fundaci\u00f3 Gala-Salvador Dal\u00ed"},"image":{"@id":"https:\/\/madona.salvador-dali.org\/fr\/#\/schema\/logo\/image\/"},"sameAs":["https:\/\/www.facebook.com\/MuseusDali","https:\/\/x.com\/MuseuDali","https:\/\/www.youtube.com\/user\/FundacioDali","https:\/\/www.flickr.com\/fundacio_dali\/","https:\/\/instagram.com\/museudali"]}]}},"_links":{"self":[{"href":"https:\/\/madona.salvador-dali.org\/fr\/wp-json\/wp\/v2\/pages\/3158","targetHints":{"allow":["GET"]}}],"collection":[{"href":"https:\/\/madona.salvador-dali.org\/fr\/wp-json\/wp\/v2\/pages"}],"about":[{"href":"https:\/\/madona.salvador-dali.org\/fr\/wp-json\/wp\/v2\/types\/page"}],"author":[{"embeddable":true,"href":"https:\/\/madona.salvador-dali.org\/fr\/wp-json\/wp\/v2\/users\/6"}],"replies":[{"embeddable":true,"href":"https:\/\/madona.salvador-dali.org\/fr\/wp-json\/wp\/v2\/comments?post=3158"}],"version-history":[{"count":1,"href":"https:\/\/madona.salvador-dali.org\/fr\/wp-json\/wp\/v2\/pages\/3158\/revisions"}],"predecessor-version":[{"id":3165,"href":"https:\/\/madona.salvador-dali.org\/fr\/wp-json\/wp\/v2\/pages\/3158\/revisions\/3165"}],"wp:attachment":[{"href":"https:\/\/madona.salvador-dali.org\/fr\/wp-json\/wp\/v2\/media?parent=3158"}],"curies":[{"name":"wp","href":"https:\/\/api.w.org\/{rel}","templated":true}]}}