{"id":3159,"date":"2025-09-15T12:51:30","date_gmt":"2025-09-15T10:51:30","guid":{"rendered":"https:\/\/madona.salvador-dali.org\/credits\/"},"modified":"2025-09-16T12:10:34","modified_gmt":"2025-09-16T10:10:34","slug":"creditos","status":"publish","type":"page","link":"https:\/\/madona.salvador-dali.org\/es\/creditos\/","title":{"rendered":"Cr\u00e9ditos"},"content":{"rendered":"\n<div style=\"height:50px\" aria-hidden=\"true\" class=\"wp-block-spacer\"><\/div>\n\n\n\n<div class=\"wp-block-columns pag-credits is-layout-flex wp-container-core-columns-is-layout-9d6595d7 wp-block-columns-is-layout-flex\">\n<div class=\"wp-block-column is-layout-flow wp-block-column-is-layout-flow\">\n<p><strong>EXPOSICI\u00d3N<\/strong><br>COMISARIADO GENERAL<br>Montse Aguer Teixidor<\/p>\n\n\n\n<p>COORDINACI\u00d3N GENERAL<br>Rosa Maria Maurell<br>Cl\u00e0udia Galli<\/p>\n\n\n\n<p>Con la colaboraci\u00f3n de Maria Carreras y Lucia Moni<\/p>\n\n\n\n<p>Documentaci\u00f3n: Centre d\u2019Estudis Dalinians<br>Dise\u00f1o: Pep Canaleta, 3carme33<br>Contenido gr\u00e1fico: Alex Gifreu<br>Conservaci\u00f3n preventiva: Irene Civil, Josep Maria Guillamet<br>Registro: Adriana Francescutto<br>Comunicaci\u00f3n: Imma Parada<br>Transformaci\u00f3n digital: Pere Gal\u00e1n<br>Gesti\u00f3n de derechos: Mercedes Aznar<br>Montaje: Roger Ferrer, Ferran Ortega<\/p>\n\n\n\n<div style=\"height:50px\" aria-hidden=\"true\" class=\"wp-block-spacer\"><\/div>\n\n\n\n<p><strong>AUDIOVISUAL<\/strong><br>Un documental de la Fundaci\u00f3 Gala-Salvador Dal\u00ed<\/p>\n\n\n\n<p>Direcci\u00f3n<br>David Pujol<\/p>\n\n\n\n<p>Guion<br>Montse Aguer, David Pujol<br>Con la colaboraci\u00f3n de Lucia Moni<\/p>\n\n\n\n<p>Montaje<br>Jordi Mu\u00f1oz Sall\u00f3 (Ammac)<\/p>\n\n\n\n<p>Coordinaci\u00f3n de contenidos y documentaci\u00f3n<\/p>\n\n\n\n<p>Lucia Moni<\/p>\n\n\n\n<p>Adjunta de coordinaci\u00f3n de contenidos y documentaci\u00f3n<\/p>\n\n\n\n<p>Maria Carreras<\/p>\n\n\n\n<p>Con el asesoramiento de Cl\u00e0udia Galli y Rosa M. Maurell (Centre d\u2019Estudis Dalinians)<\/p>\n\n\n\n<p>Gesti\u00f3n de derechos: Mercedes Aznar<br>Dise\u00f1o de sonido y mezcla: G23<\/p>\n\n\n\n<p>Traducciones: Marielle Lemarchand (franc\u00e9s), Graham Thompson (ingl\u00e9s) Doblaje de voz de Salvador Dal\u00ed<br>Jordi Boixaderas<\/p>\n\n\n\n<div style=\"height:50px\" aria-hidden=\"true\" class=\"wp-block-spacer\"><\/div>\n\n\n\n<p>Los textos de esta p\u00e1gina web han sido extra\u00eddos de la publicaci\u00f3n <em>La Madona de Portlligat. Una explosi\u00f3n on\u00edrica<\/em>, una monograf\u00eda realizada con motivo de la exposici\u00f3n del mismo nombre.<\/p>\n\n\n\n<p>De las obras de Salvador Dal\u00ed:<br><strong>\u00a9 Salvador Dal\u00ed, Fundaci\u00f3 Gala-Salvador Dal\u00ed, Figueres, 2025<\/strong><br>De la imagen de Salvador Dal\u00ed:<br><strong>Derechos de imagen de Salvador Dal\u00ed reservados. Fundaci\u00f3 Gala-Salvador Dal\u00ed, Figueres, 2025<\/strong><\/p>\n\n\n\n<p>Programaci\u00f3n web, dise\u00f1o y gesti\u00f3n de proyecto: <a href=\"https:\/\/latempesta.cc\/\" target=\"_blank\" rel=\"noreferrer noopener\">La Tempesta<\/a><\/p>\n\n\n\n<p>Septiembre 2025<\/p>\n<\/div>\n<\/div>\n","protected":false},"excerpt":{"rendered":"<p>EXPOSICI\u00d3NCOMISARIADO GENERALMontse Aguer Teixidor COORDINACI\u00d3N GENERALRosa Maria MaurellCl\u00e0udia Galli Con la colaboraci\u00f3n de Maria Carreras y Lucia Moni Documentaci\u00f3n: Centre d\u2019Estudis DaliniansDise\u00f1o: Pep Canaleta, 3carme33Contenido gr\u00e1fico: Alex GifreuConservaci\u00f3n preventiva: Irene Civil, Josep Maria GuillametRegistro: Adriana FrancescuttoComunicaci\u00f3n: Imma ParadaTransformaci\u00f3n digital: Pere Gal\u00e1nGesti\u00f3n de derechos: Mercedes AznarMontaje: Roger Ferrer, Ferran Ortega AUDIOVISUALUn documental de la Fundaci\u00f3 Gala-Salvador [&#8230;]<\/p>\n<p><a class=\"btn btn-secondary understrap-read-more-link\" href=\"https:\/\/madona.salvador-dali.org\/es\/creditos\/\">Leer m\u00e1s&#8230;<span class=\"screen-reader-text\"> from Cr\u00e9ditos<\/span><\/a><\/p>\n","protected":false},"author":6,"featured_media":0,"parent":0,"menu_order":0,"comment_status":"closed","ping_status":"closed","template":"","meta":{"_acf_changed":false,"inline_featured_image":false,"footnotes":""},"class_list":["post-3159","page","type-page","status-publish","hentry"],"acf":[],"yoast_head":"<!-- This site is optimized with the Yoast SEO plugin v27.5 - https:\/\/yoast.com\/product\/yoast-seo-wordpress\/ -->\n<title>Cr\u00e9ditos - La Madona de Portlligat<\/title>\n<meta name=\"robots\" content=\"index, follow, max-snippet:-1, max-image-preview:large, max-video-preview:-1\" \/>\n<link rel=\"canonical\" href=\"https:\/\/madona.salvador-dali.org\/es\/creditos\/\" \/>\n<meta property=\"og:locale\" content=\"es_ES\" \/>\n<meta property=\"og:type\" content=\"article\" \/>\n<meta property=\"og:title\" content=\"Cr\u00e9ditos - La Madona de Portlligat\" \/>\n<meta property=\"og:description\" content=\"EXPOSICI\u00d3NCOMISARIADO GENERALMontse Aguer Teixidor COORDINACI\u00d3N GENERALRosa Maria MaurellCl\u00e0udia Galli Con la colaboraci\u00f3n de Maria Carreras y Lucia Moni Documentaci\u00f3n: Centre d\u2019Estudis DaliniansDise\u00f1o: Pep Canaleta, 3carme33Contenido gr\u00e1fico: Alex GifreuConservaci\u00f3n preventiva: Irene Civil, Josep Maria GuillametRegistro: Adriana FrancescuttoComunicaci\u00f3n: Imma ParadaTransformaci\u00f3n digital: Pere Gal\u00e1nGesti\u00f3n de derechos: Mercedes AznarMontaje: Roger Ferrer, Ferran Ortega AUDIOVISUALUn documental de la Fundaci\u00f3 Gala-Salvador [...]Leer m\u00e1s... from Cr\u00e9ditos\" \/>\n<meta property=\"og:url\" content=\"https:\/\/madona.salvador-dali.org\/es\/creditos\/\" \/>\n<meta property=\"og:site_name\" content=\"La Madona de Portlligat\" \/>\n<meta property=\"article:publisher\" content=\"https:\/\/www.facebook.com\/MuseusDali\" \/>\n<meta property=\"article:modified_time\" content=\"2025-09-16T10:10:34+00:00\" \/>\n<meta name=\"twitter:card\" content=\"summary_large_image\" \/>\n<meta name=\"twitter:site\" content=\"@MuseuDali\" \/>\n<meta name=\"twitter:label1\" content=\"Tiempo de lectura\" \/>\n\t<meta name=\"twitter:data1\" content=\"1 minuto\" \/>\n<script type=\"application\/ld+json\" class=\"yoast-schema-graph\">{\"@context\":\"https:\\\/\\\/schema.org\",\"@graph\":[{\"@type\":\"WebPage\",\"@id\":\"https:\\\/\\\/madona.salvador-dali.org\\\/es\\\/creditos\\\/\",\"url\":\"https:\\\/\\\/madona.salvador-dali.org\\\/es\\\/creditos\\\/\",\"name\":\"Cr\u00e9ditos - La Madona de Portlligat\",\"isPartOf\":{\"@id\":\"https:\\\/\\\/madona.salvador-dali.org\\\/es\\\/#website\"},\"datePublished\":\"2025-09-15T10:51:30+00:00\",\"dateModified\":\"2025-09-16T10:10:34+00:00\",\"breadcrumb\":{\"@id\":\"https:\\\/\\\/madona.salvador-dali.org\\\/es\\\/creditos\\\/#breadcrumb\"},\"inLanguage\":\"es\",\"potentialAction\":[{\"@type\":\"ReadAction\",\"target\":[\"https:\\\/\\\/madona.salvador-dali.org\\\/es\\\/creditos\\\/\"]}]},{\"@type\":\"BreadcrumbList\",\"@id\":\"https:\\\/\\\/madona.salvador-dali.org\\\/es\\\/creditos\\\/#breadcrumb\",\"itemListElement\":[{\"@type\":\"ListItem\",\"position\":1,\"name\":\"Inici\",\"item\":\"https:\\\/\\\/madona.salvador-dali.org\\\/es\\\/\"},{\"@type\":\"ListItem\",\"position\":2,\"name\":\"Cr\u00e9ditos\"}]},{\"@type\":\"WebSite\",\"@id\":\"https:\\\/\\\/madona.salvador-dali.org\\\/es\\\/#website\",\"url\":\"https:\\\/\\\/madona.salvador-dali.org\\\/es\\\/\",\"name\":\"La Madona de Portlligat\",\"description\":\"Una explosi\u00f3 on\u00edrica\",\"publisher\":{\"@id\":\"https:\\\/\\\/madona.salvador-dali.org\\\/es\\\/#organization\"},\"potentialAction\":[{\"@type\":\"SearchAction\",\"target\":{\"@type\":\"EntryPoint\",\"urlTemplate\":\"https:\\\/\\\/madona.salvador-dali.org\\\/es\\\/?s={search_term_string}\"},\"query-input\":{\"@type\":\"PropertyValueSpecification\",\"valueRequired\":true,\"valueName\":\"search_term_string\"}}],\"inLanguage\":\"es\"},{\"@type\":\"Organization\",\"@id\":\"https:\\\/\\\/madona.salvador-dali.org\\\/es\\\/#organization\",\"name\":\"Fundaci\u00f3 Gala-Salvador Dal\u00ed\",\"url\":\"https:\\\/\\\/madona.salvador-dali.org\\\/es\\\/\",\"logo\":{\"@type\":\"ImageObject\",\"inLanguage\":\"es\",\"@id\":\"https:\\\/\\\/madona.salvador-dali.org\\\/es\\\/#\\\/schema\\\/logo\\\/image\\\/\",\"url\":\"https:\\\/\\\/madona.salvador-dali.org\\\/wp-content\\\/uploads\\\/2025\\\/08\\\/logo-fundacio-gala-salvador-black.svg\",\"contentUrl\":\"https:\\\/\\\/madona.salvador-dali.org\\\/wp-content\\\/uploads\\\/2025\\\/08\\\/logo-fundacio-gala-salvador-black.svg\",\"caption\":\"Fundaci\u00f3 Gala-Salvador Dal\u00ed\"},\"image\":{\"@id\":\"https:\\\/\\\/madona.salvador-dali.org\\\/es\\\/#\\\/schema\\\/logo\\\/image\\\/\"},\"sameAs\":[\"https:\\\/\\\/www.facebook.com\\\/MuseusDali\",\"https:\\\/\\\/x.com\\\/MuseuDali\",\"https:\\\/\\\/www.youtube.com\\\/user\\\/FundacioDali\",\"https:\\\/\\\/www.flickr.com\\\/fundacio_dali\\\/\",\"https:\\\/\\\/instagram.com\\\/museudali\"]}]}<\/script>\n<!-- \/ Yoast SEO plugin. -->","yoast_head_json":{"title":"Cr\u00e9ditos - La Madona de Portlligat","robots":{"index":"index","follow":"follow","max-snippet":"max-snippet:-1","max-image-preview":"max-image-preview:large","max-video-preview":"max-video-preview:-1"},"canonical":"https:\/\/madona.salvador-dali.org\/es\/creditos\/","og_locale":"es_ES","og_type":"article","og_title":"Cr\u00e9ditos - La Madona de Portlligat","og_description":"EXPOSICI\u00d3NCOMISARIADO GENERALMontse Aguer Teixidor COORDINACI\u00d3N GENERALRosa Maria MaurellCl\u00e0udia Galli Con la colaboraci\u00f3n de Maria Carreras y Lucia Moni Documentaci\u00f3n: Centre d\u2019Estudis DaliniansDise\u00f1o: Pep Canaleta, 3carme33Contenido gr\u00e1fico: Alex GifreuConservaci\u00f3n preventiva: Irene Civil, Josep Maria GuillametRegistro: Adriana FrancescuttoComunicaci\u00f3n: Imma ParadaTransformaci\u00f3n digital: Pere Gal\u00e1nGesti\u00f3n de derechos: Mercedes AznarMontaje: Roger Ferrer, Ferran Ortega AUDIOVISUALUn documental de la Fundaci\u00f3 Gala-Salvador [...]Leer m\u00e1s... from Cr\u00e9ditos","og_url":"https:\/\/madona.salvador-dali.org\/es\/creditos\/","og_site_name":"La Madona de Portlligat","article_publisher":"https:\/\/www.facebook.com\/MuseusDali","article_modified_time":"2025-09-16T10:10:34+00:00","twitter_card":"summary_large_image","twitter_site":"@MuseuDali","twitter_misc":{"Tiempo de lectura":"1 minuto"},"schema":{"@context":"https:\/\/schema.org","@graph":[{"@type":"WebPage","@id":"https:\/\/madona.salvador-dali.org\/es\/creditos\/","url":"https:\/\/madona.salvador-dali.org\/es\/creditos\/","name":"Cr\u00e9ditos - La Madona de Portlligat","isPartOf":{"@id":"https:\/\/madona.salvador-dali.org\/es\/#website"},"datePublished":"2025-09-15T10:51:30+00:00","dateModified":"2025-09-16T10:10:34+00:00","breadcrumb":{"@id":"https:\/\/madona.salvador-dali.org\/es\/creditos\/#breadcrumb"},"inLanguage":"es","potentialAction":[{"@type":"ReadAction","target":["https:\/\/madona.salvador-dali.org\/es\/creditos\/"]}]},{"@type":"BreadcrumbList","@id":"https:\/\/madona.salvador-dali.org\/es\/creditos\/#breadcrumb","itemListElement":[{"@type":"ListItem","position":1,"name":"Inici","item":"https:\/\/madona.salvador-dali.org\/es\/"},{"@type":"ListItem","position":2,"name":"Cr\u00e9ditos"}]},{"@type":"WebSite","@id":"https:\/\/madona.salvador-dali.org\/es\/#website","url":"https:\/\/madona.salvador-dali.org\/es\/","name":"La Madona de Portlligat","description":"Una explosi\u00f3 on\u00edrica","publisher":{"@id":"https:\/\/madona.salvador-dali.org\/es\/#organization"},"potentialAction":[{"@type":"SearchAction","target":{"@type":"EntryPoint","urlTemplate":"https:\/\/madona.salvador-dali.org\/es\/?s={search_term_string}"},"query-input":{"@type":"PropertyValueSpecification","valueRequired":true,"valueName":"search_term_string"}}],"inLanguage":"es"},{"@type":"Organization","@id":"https:\/\/madona.salvador-dali.org\/es\/#organization","name":"Fundaci\u00f3 Gala-Salvador Dal\u00ed","url":"https:\/\/madona.salvador-dali.org\/es\/","logo":{"@type":"ImageObject","inLanguage":"es","@id":"https:\/\/madona.salvador-dali.org\/es\/#\/schema\/logo\/image\/","url":"https:\/\/madona.salvador-dali.org\/wp-content\/uploads\/2025\/08\/logo-fundacio-gala-salvador-black.svg","contentUrl":"https:\/\/madona.salvador-dali.org\/wp-content\/uploads\/2025\/08\/logo-fundacio-gala-salvador-black.svg","caption":"Fundaci\u00f3 Gala-Salvador Dal\u00ed"},"image":{"@id":"https:\/\/madona.salvador-dali.org\/es\/#\/schema\/logo\/image\/"},"sameAs":["https:\/\/www.facebook.com\/MuseusDali","https:\/\/x.com\/MuseuDali","https:\/\/www.youtube.com\/user\/FundacioDali","https:\/\/www.flickr.com\/fundacio_dali\/","https:\/\/instagram.com\/museudali"]}]}},"_links":{"self":[{"href":"https:\/\/madona.salvador-dali.org\/es\/wp-json\/wp\/v2\/pages\/3159","targetHints":{"allow":["GET"]}}],"collection":[{"href":"https:\/\/madona.salvador-dali.org\/es\/wp-json\/wp\/v2\/pages"}],"about":[{"href":"https:\/\/madona.salvador-dali.org\/es\/wp-json\/wp\/v2\/types\/page"}],"author":[{"embeddable":true,"href":"https:\/\/madona.salvador-dali.org\/es\/wp-json\/wp\/v2\/users\/6"}],"replies":[{"embeddable":true,"href":"https:\/\/madona.salvador-dali.org\/es\/wp-json\/wp\/v2\/comments?post=3159"}],"version-history":[{"count":2,"href":"https:\/\/madona.salvador-dali.org\/es\/wp-json\/wp\/v2\/pages\/3159\/revisions"}],"predecessor-version":[{"id":3162,"href":"https:\/\/madona.salvador-dali.org\/es\/wp-json\/wp\/v2\/pages\/3159\/revisions\/3162"}],"wp:attachment":[{"href":"https:\/\/madona.salvador-dali.org\/es\/wp-json\/wp\/v2\/media?parent=3159"}],"curies":[{"name":"wp","href":"https:\/\/api.w.org\/{rel}","templated":true}]}}