{"id":1990,"date":"2025-05-25T09:12:22","date_gmt":"2025-05-25T07:12:22","guid":{"rendered":"https:\/\/madona.salvador-dali.org\/home\/"},"modified":"2025-11-13T12:12:32","modified_gmt":"2025-11-13T11:12:32","slug":"inici","status":"publish","type":"page","link":"https:\/\/madona.salvador-dali.org\/es\/","title":{"rendered":"Inicio"},"content":{"rendered":"\n<div class=\"wp-block-columns is-layout-flex wp-container-core-columns-is-layout-9d6595d7 wp-block-columns-is-layout-flex\" id=\"trailer\">\n<div class=\"wp-block-column vimeo-container is-layout-flow wp-block-column-is-layout-flow\">\n<figure class=\"wp-block-image size-full vimeo-poster\"><img loading=\"lazy\" decoding=\"async\" width=\"2048\" height=\"1324\" src=\"https:\/\/madona.salvador-dali.org\/wp-content\/uploads\/2025\/09\/video-poster-tot.jpg\" alt=\"\" class=\"wp-image-2574\" srcset=\"https:\/\/madona.salvador-dali.org\/wp-content\/uploads\/2025\/09\/video-poster-tot.jpg 2048w, https:\/\/madona.salvador-dali.org\/wp-content\/uploads\/2025\/09\/video-poster-tot-300x194.jpg 300w, https:\/\/madona.salvador-dali.org\/wp-content\/uploads\/2025\/09\/video-poster-tot-1024x662.jpg 1024w, https:\/\/madona.salvador-dali.org\/wp-content\/uploads\/2025\/09\/video-poster-tot-768x497.jpg 768w, https:\/\/madona.salvador-dali.org\/wp-content\/uploads\/2025\/09\/video-poster-tot-1536x993.jpg 1536w\" sizes=\"auto, (max-width: 2048px) 100vw, 2048px\" \/><\/figure>\n\n\n\n<figure class=\"wp-block-embed is-type-video is-provider-vimeo wp-block-embed-vimeo wp-embed-aspect-16-9 wp-has-aspect-ratio\"><div class=\"wp-block-embed__wrapper\">\n<iframe loading=\"lazy\" title=\"La Madona de Portlligat. Una explosi\u00f3n on\u00edrica. TR\u00c1ILER_CAST\/ENG\" src=\"https:\/\/player.vimeo.com\/video\/1117044994?dnt=1&amp;app_id=122963\" width=\"640\" height=\"360\" frameborder=\"0\" allow=\"autoplay; fullscreen; picture-in-picture; clipboard-write; encrypted-media; web-share\" referrerpolicy=\"strict-origin-when-cross-origin\"><\/iframe>\n<\/div><\/figure>\n\n\n\n<button class=\"vimeo-button\">\n<span class=\"sr-only\">Play<\/span>\n<\/button>\n<\/div>\n<\/div>\n\n\n\n<div class=\"wp-block-columns container presentacio is-layout-flex wp-container-core-columns-is-layout-9d6595d7 wp-block-columns-is-layout-flex\">\n<div class=\"wp-block-column is-layout-flow wp-block-column-is-layout-flow\">\n<h2 class=\"wp-block-heading\">Presentaci\u00f3n<\/h2>\n\n\n\n<p><strong><em>La Madona de Portlligat. Una explosi\u00f3n on\u00edrica<\/em><\/strong><\/p>\n<\/div>\n\n\n\n<div class=\"wp-block-column is-layout-flow wp-block-column-is-layout-flow\">\n<p>Tras 73 a\u00f1os fuera, y gracias a un pr\u00e9stamo excepcional fruto de la colaboraci\u00f3n con el Fukuoka Art Museum (Jap\u00f3n), el Teatro-Museo Dal\u00ed acoge esta obra clave en la trayectoria del pintor.<\/p>\n\n\n\n<p>Con <a href=\"https:\/\/catalogues.salvador-dali.org\/catalogues\/es\/heritageobject\/482\/\"><em>La Madona de Portlligat <\/em>(<em>c<\/em>. 1950)<\/a>, Dal\u00ed nos invita a so\u00f1ar: una respuesta po\u00e9tica y luminosa ante los conflictos del mundo moderno.<\/p>\n\n\n\n<button id=\"button-ext-presentacio\" class=\"expand\" title=\"Llegiu la presentaci\u00f3\">\n<span class=\"text-expand\">Leer m\u00e1s <\/span>\n<\/button>\n<\/div>\n<\/div>\n\n\n\n<div class=\"wp-block-columns expand-content llegir-mes is-layout-flex wp-container-core-columns-is-layout-9d6595d7 wp-block-columns-is-layout-flex\" id=\"ext-presentacio\">\n<div class=\"wp-block-column is-layout-flow wp-block-column-is-layout-flow\">\n<button class=\"expanded-close\"><\/button>\n\n\n\n<p>La <em>Madona de Portlligat<\/em> es una obra clave en la etapa m\u00edstica nuclear del pintor, cuando fusiona arte, ciencia y espiritualidad, una etapa en la que Gala, su esposa, se encuentra en el centro. Considerada una obra maestra por Salvador Dal\u00ed, se trata de una pintura aleg\u00f3rica con una iconograf\u00eda y una composici\u00f3n impactantes, que sintetiza su evoluci\u00f3n art\u00edstica, desde el surrealismo hasta el misticismo nuclear, una nueva etapa en su trayectoria, en la que, para plasmar su concepci\u00f3n del mundo, combina la f\u00edsica nuclear con la religi\u00f3n y un regreso al clasicismo.<\/p>\n\n\n\n<p>La obra no solo es una s\u00edntesis de su evoluci\u00f3n como pintor, sino que tambi\u00e9n nos ofrece una puerta de entrada a su universo particular, donde la realidad y el sue\u00f1o, la religi\u00f3n y la ciencia, el peso y la levedad, conviven en una armon\u00eda absoluta.<\/p>\n\n\n\n<p>\u00abEl viejo Dal\u00ed ya no existe. Aquel fue el de la \u00e9poca de las pesadillas, con confusiones y sufrimiento, sin elevaci\u00f3n, y utiliz\u00f3 muchos verdes y rojos y negro para expresarse. Aqu\u00ed, en el nuevo Dal\u00ed, se ven m\u00e1s azules y amarillos, los colores serenos. Esto es porque ahora Dal\u00ed encabeza el misticismo, en una direcci\u00f3n m\u00edstica.\u00bb<\/p>\n\n\n\n<p>SALVADOR DAL\u00cd<br>Wambly Bald, \u00abDali suggests dreams as cure for worries\u00bb, <em>New York Post<\/em>, Nueva York, 21\/12\/1950<\/p>\n<\/div>\n<\/div>\n\n\n\n<div class=\"wp-block-columns container opcions is-layout-flex wp-container-core-columns-is-layout-9d6595d7 wp-block-columns-is-layout-flex\">\n<div class=\"wp-block-column is-vertically-aligned-top is-layout-flow wp-block-column-is-layout-flow\">\n<figure class=\"wp-block-image size-full\"><img decoding=\"async\" src=\"https:\/\/madona.salvador-dali.org\/wp-content\/uploads\/2025\/07\/madona1-e1757661769739.jpg\" alt=\"\" class=\"wp-image-1998\"\/><\/figure>\n\n\n\n<div class=\"wp-block-columns is-not-stacked-on-mobile opcions-titol is-layout-flex wp-container-core-columns-is-layout-9d6595d7 wp-block-columns-is-layout-flex\">\n<div class=\"wp-block-column is-layout-flow wp-block-column-is-layout-flow\" style=\"flex-basis:90%\">\n<h2 class=\"wp-block-heading\">Itinerario visual<\/h2>\n\n\n\n<p>Mapa de una obra itinerante.<\/p>\n<\/div>\n\n\n\n<div class=\"wp-block-column is-layout-flow wp-block-column-is-layout-flow\" style=\"flex-basis:10%\">\n<div class=\"wp-block-buttons is-content-justification-center is-layout-flex wp-container-core-buttons-is-layout-16018d1d wp-block-buttons-is-layout-flex\">\n<div class=\"wp-block-button is-style-outline is-style-outline--1\"><a class=\"wp-block-button__link has-small-font-size has-custom-font-size wp-element-button\" href=\"https:\/\/madona.salvador-dali.org\/es\/viatge\/itinerario-visual\/\">ver<\/a><\/div>\n<\/div>\n<\/div>\n<\/div>\n\n\n\n<p class=\"opcions-text\">Descubre el fascinante viaje de <em>La Madona de Portlligat<\/em>, una de las obras m\u00e1s emblem\u00e1ticas de Salvador Dal\u00ed, a trav\u00e9s de este <em>storymap<\/em> interactivo. Ad\u00e9ntrate en su trayectoria \u00fanica hasta llegar al Teatro-Museo Dal\u00ed, donde protagoniza una exposici\u00f3n temporal que invita a redescubrir al genio ampurdan\u00e9s desde una nueva perspectiva.<\/p>\n<\/div>\n\n\n\n<div class=\"wp-block-column is-layout-flow wp-block-column-is-layout-flow\">\n<figure class=\"wp-block-image size-full\"><img loading=\"lazy\" decoding=\"async\" width=\"826\" height=\"954\" src=\"https:\/\/madona.salvador-dali.org\/wp-content\/uploads\/2025\/07\/madona2.jpg\" alt=\"\" class=\"wp-image-2002\" srcset=\"https:\/\/madona.salvador-dali.org\/wp-content\/uploads\/2025\/07\/madona2.jpg 826w, https:\/\/madona.salvador-dali.org\/wp-content\/uploads\/2025\/07\/madona2-260x300.jpg 260w, https:\/\/madona.salvador-dali.org\/wp-content\/uploads\/2025\/07\/madona2-768x887.jpg 768w\" sizes=\"auto, (max-width: 826px) 100vw, 826px\" \/><\/figure>\n\n\n\n<div class=\"wp-block-columns is-not-stacked-on-mobile opcions-titol is-layout-flex wp-container-core-columns-is-layout-9d6595d7 wp-block-columns-is-layout-flex\">\n<div class=\"wp-block-column is-layout-flow wp-block-column-is-layout-flow\" style=\"flex-basis:90%\">\n<h2 class=\"wp-block-heading\">La Madona ampliada<\/h2>\n\n\n\n<p>Una aproximaci\u00f3n a una obra maestra.<\/p>\n<\/div>\n\n\n\n<div class=\"wp-block-column is-layout-flow wp-block-column-is-layout-flow\" style=\"flex-basis:10%\">\n<div class=\"wp-block-buttons is-content-justification-center is-layout-flex wp-container-core-buttons-is-layout-16018d1d wp-block-buttons-is-layout-flex\">\n<div class=\"wp-block-button is-style-outline is-style-outline--2\"><a class=\"wp-block-button__link has-small-font-size has-custom-font-size wp-element-button\" href=\"https:\/\/madona.salvador-dali.org\/es\/la-madona-ampliada\/\">ver<\/a><\/div>\n<\/div>\n<\/div>\n<\/div>\n\n\n\n<p class=\"opcions-text\">Ad\u00e9ntrate con una mirada diferente en <em>La Madona de Portlligat.<\/em> Descubre qu\u00e9 se esconde detr\u00e1s de cada detalle, su simbolismo, su t\u00e9cnica y su historia.<\/p>\n<\/div>\n<\/div>\n\n\n\n<div class=\"wp-block-columns cita is-layout-flex wp-container-core-columns-is-layout-9d6595d7 wp-block-columns-is-layout-flex\">\n<div class=\"wp-block-column container is-layout-flow wp-block-column-is-layout-flow\">\n<blockquote class=\"wp-block-quote is-layout-flow wp-block-quote-is-layout-flow\">\n<p class=\"has-text-align-center\">\u00abAspiro a que la Madona, cuyo modelo ha sido mi mujer, sea una condensaci\u00f3n de todo lo que hay de virtud maravillosa, de fuerza espiritual, de color y de geolog\u00eda.\u00bb<\/p>\n<\/blockquote>\n\n\n\n<p class=\"has-text-align-center dali\">SALVADOR DAL\u00cd<br>Jos\u00e9 Mar\u00eda Massip, \u00abDal\u00ed, hoy\u00bb, <em>Destino<\/em>, Barcelona, 01\/04\/1950<\/p>\n<\/div>\n<\/div>\n\n\n\n<div class=\"wp-block-columns container publicacio-titol is-layout-flex wp-container-core-columns-is-layout-9d6595d7 wp-block-columns-is-layout-flex\">\n<div class=\"wp-block-column is-layout-flow wp-block-column-is-layout-flow\">\n<h2 class=\"wp-block-heading\">Publicaci\u00f3n oficial<\/h2>\n<\/div>\n<\/div>\n\n\n\n<div class=\"wp-block-columns container publicacio-text is-layout-flex wp-container-core-columns-is-layout-9d6595d7 wp-block-columns-is-layout-flex\">\n<div class=\"wp-block-column is-layout-flow wp-block-column-is-layout-flow\">\n<figure class=\"wp-block-image size-large\"><img loading=\"lazy\" decoding=\"async\" width=\"663\" height=\"1024\" src=\"https:\/\/madona.salvador-dali.org\/wp-content\/uploads\/2025\/09\/CAST_ATT00005_page-0001-e1758034798958-663x1024.jpg\" alt=\"\" class=\"wp-image-2999\" style=\"object-fit:cover\" srcset=\"https:\/\/madona.salvador-dali.org\/wp-content\/uploads\/2025\/09\/CAST_ATT00005_page-0001-e1758034798958-663x1024.jpg 663w, https:\/\/madona.salvador-dali.org\/wp-content\/uploads\/2025\/09\/CAST_ATT00005_page-0001-e1758034798958-194x300.jpg 194w, https:\/\/madona.salvador-dali.org\/wp-content\/uploads\/2025\/09\/CAST_ATT00005_page-0001-e1758034798958-768x1185.jpg 768w, https:\/\/madona.salvador-dali.org\/wp-content\/uploads\/2025\/09\/CAST_ATT00005_page-0001-e1758034798958.jpg 804w\" sizes=\"auto, (max-width: 663px) 100vw, 663px\" \/><\/figure>\n<\/div>\n\n\n\n<div class=\"wp-block-column is-layout-flow wp-block-column-is-layout-flow\">\n<p>La Fundaci\u00f3 Gala-Salvador Dal\u00ed presenta <em>La Madona de Portlligat. Una explosi\u00f3n on\u00edrica<\/em>, una monograf\u00eda dedicada a una de las obras m\u00e1s ic\u00f3nicas del artista. La publicaci\u00f3n recorre el contexto personal y art\u00edstico de Dal\u00ed para explicar c\u00f3mo dio forma a esta gran creaci\u00f3n.<\/p>\n\n\n\n<p>Fruto de la investigaci\u00f3n del Centro de Estudios Dalinianos, el libro profundiza en la etapa m\u00edstica nuclear y revela el modo en que Dal\u00ed transforma el surrealismo, los avances cient\u00edficos y sus inquietudes espirituales en una imagen \u00fanica de su tiempo. Adem\u00e1s explora aspectos hasta ahora poco conocidos.<\/p>\n\n\n\n<p>A la venta en las tiendas de la Fundaci\u00f3 Dal\u00ed. Disponible en catal\u00e1n, castellano, franc\u00e9s e ingl\u00e9s.<\/p>\n\n\n\n<p style=\"font-size:1.6rem\">En primicia, puedes <a href=\"https:\/\/madona.salvador-dali.org\/wp-content\/uploads\/2025\/09\/ATT00007_ESP.pdf\"><strong>descargar \u2193<\/strong><\/a> el primer cap\u00edtulo y adentrarte en el universo daliniano!<\/p>\n<\/div>\n<\/div>\n\n\n\n<hr class=\"wp-block-separator has-alpha-channel-opacity\"\/>\n\n\n\n<div class=\"wp-block-columns container audiovisual is-layout-flex wp-container-core-columns-is-layout-9d6595d7 wp-block-columns-is-layout-flex\">\n<div class=\"wp-block-column is-layout-flow wp-block-column-is-layout-flow\">\n<h2 class=\"wp-block-heading\">Audiovisual<\/h2>\n\n\n\n<p><strong>T\u00edtulo: <\/strong>La Madona de Portlligat. Una explosi\u00f3n on\u00edrica<br><strong>A\u00f1o: <\/strong>2025<br><strong>Producci\u00f3n: <\/strong>Fundaci\u00f3 Gala-Salvador Dal\u00ed<br><strong>Direcci\u00f3n:<\/strong> David Pujol<br><strong>Guion:<\/strong> David Pujol y Montse Aguer, con la colaboraci\u00f3n de Lucia Moni<br><strong>Montaje: <\/strong>Jordi Mu\u00f1oz Sall\u00f3<br><strong>Coordinaci\u00f3n de contenidos y documentaci\u00f3n: <\/strong>Lucia Moni<br><strong>Adjunta de coordinaci\u00f3n de contenidos y documentaci\u00f3n:<\/strong> Maria Carreras<\/p>\n\n\n\n<p>En 1949 Dal\u00ed pinta la primera versi\u00f3n de <em>La Madona de Portlligat<\/em> y se la muestra al papa P\u00edo XII. Un a\u00f1o m\u00e1s tarde, crea una segunda versi\u00f3n, de grandes dimensiones. Consciente de que no la puede pintar en ning\u00fan otro lugar, se encierra en Portlligat, en su taller junto al mar, que se convierte en el fondo y el escenario de la obra.<\/p>\n\n\n\n<p>Inspirada por los grandes maestros del Renacimiento, esta creaci\u00f3n inicia un viaje fascinante, de Portlligat a Nueva York, de Londres a Par\u00eds, y a muchos otros destinos. La <em>Madona<\/em>, que se expone en espacios tan singulares como la sala delle Cariatidi del Palazzo Reale, en ruinas tras la Segunda Guerra Mundial, ostenta la fuerza de una pintura capaz de transformar espacios y cautivar miradas.<\/p>\n<\/div>\n\n\n\n<div class=\"wp-block-column vimeo-container is-layout-flow wp-block-column-is-layout-flow\">\n<figure class=\"wp-block-image size-full vimeo-poster\"><img loading=\"lazy\" decoding=\"async\" width=\"2048\" height=\"1324\" src=\"https:\/\/madona.salvador-dali.org\/wp-content\/uploads\/2025\/09\/video-poster-es-en.jpg\" alt=\"\" class=\"wp-image-2538\" title=\"\" srcset=\"https:\/\/madona.salvador-dali.org\/wp-content\/uploads\/2025\/09\/video-poster-es-en.jpg 2048w, https:\/\/madona.salvador-dali.org\/wp-content\/uploads\/2025\/09\/video-poster-es-en-300x194.jpg 300w, https:\/\/madona.salvador-dali.org\/wp-content\/uploads\/2025\/09\/video-poster-es-en-1024x662.jpg 1024w, https:\/\/madona.salvador-dali.org\/wp-content\/uploads\/2025\/09\/video-poster-es-en-768x497.jpg 768w, https:\/\/madona.salvador-dali.org\/wp-content\/uploads\/2025\/09\/video-poster-es-en-1536x993.jpg 1536w\" sizes=\"auto, (max-width: 2048px) 100vw, 2048px\" \/><\/figure>\n\n\n\n<figure class=\"wp-block-embed is-type-video is-provider-vimeo wp-block-embed-vimeo wp-embed-aspect-16-9 wp-has-aspect-ratio\"><div class=\"wp-block-embed__wrapper\">\n<iframe loading=\"lazy\" title=\"La Madona de Portlligat. Una explosi\u00f3n on\u00edrica. CAST\/ENG\" src=\"https:\/\/player.vimeo.com\/video\/1117046981?dnt=1&amp;app_id=122963\" width=\"640\" height=\"360\" frameborder=\"0\" allow=\"autoplay; fullscreen; picture-in-picture; clipboard-write; encrypted-media; web-share\" referrerpolicy=\"strict-origin-when-cross-origin\"><\/iframe>\n<\/div><\/figure>\n\n\n\n<button class=\"vimeo-button\">\n<span class=\"sr-only\">Play<\/span>\n<\/button>\n<\/div>\n<\/div>\n","protected":false},"excerpt":{"rendered":"<p>Play Presentaci\u00f3n La Madona de Portlligat. Una explosi\u00f3n on\u00edrica Tras 73 a\u00f1os fuera, y gracias a un pr\u00e9stamo excepcional fruto de la colaboraci\u00f3n con el Fukuoka Art Museum (Jap\u00f3n), el Teatro-Museo Dal\u00ed acoge esta obra clave en la trayectoria del pintor. Con La Madona de Portlligat (c. 1950), Dal\u00ed nos invita a so\u00f1ar: una respuesta [&#8230;]<\/p>\n<p><a class=\"btn btn-secondary understrap-read-more-link\" href=\"https:\/\/madona.salvador-dali.org\/es\/\">Leer m\u00e1s&#8230;<span class=\"screen-reader-text\"> from Inicio<\/span><\/a><\/p>\n","protected":false},"author":6,"featured_media":0,"parent":0,"menu_order":14,"comment_status":"closed","ping_status":"closed","template":"","meta":{"_acf_changed":false,"inline_featured_image":false,"footnotes":""},"class_list":["post-1990","page","type-page","status-publish","hentry"],"acf":[],"yoast_head":"<!-- This site is optimized with the Yoast SEO plugin v27.5 - https:\/\/yoast.com\/product\/yoast-seo-wordpress\/ -->\n<title>La Madona de Portlligat | Fundaci\u00f3 Gala - Salvador Dal\u00ed<\/title>\n<meta name=\"description\" content=\"Tras 73 a\u00f1os fuera, y gracias a un pr\u00e9stamo excepcional fruto de la colaboraci\u00f3n con el Fukuoka Art Museum (Jap\u00f3n), el Teatro-Museo Dal\u00ed acoge esta obra clave en la trayectoria del pintor.\" \/>\n<meta name=\"robots\" content=\"index, follow, max-snippet:-1, max-image-preview:large, max-video-preview:-1\" \/>\n<link rel=\"canonical\" href=\"https:\/\/madona.salvador-dali.org\/es\/\" \/>\n<meta property=\"og:locale\" content=\"es_ES\" \/>\n<meta property=\"og:type\" content=\"article\" \/>\n<meta property=\"og:title\" content=\"La Madona de Portlligat | Fundaci\u00f3 Gala - Salvador Dal\u00ed\" \/>\n<meta property=\"og:description\" content=\"Tras 73 a\u00f1os fuera, y gracias a un pr\u00e9stamo excepcional fruto de la colaboraci\u00f3n con el Fukuoka Art Museum (Jap\u00f3n), el Teatro-Museo Dal\u00ed acoge esta obra clave en la trayectoria del pintor.\" \/>\n<meta property=\"og:url\" content=\"https:\/\/madona.salvador-dali.org\/es\/\" \/>\n<meta property=\"og:site_name\" content=\"La Madona de Portlligat\" \/>\n<meta property=\"article:publisher\" content=\"https:\/\/www.facebook.com\/MuseusDali\" \/>\n<meta property=\"article:modified_time\" content=\"2025-11-13T11:12:32+00:00\" \/>\n<meta property=\"og:image\" content=\"https:\/\/madona.salvador-dali.org\/wp-content\/uploads\/2025\/09\/video-poster-tot.jpg\" \/>\n<meta name=\"twitter:card\" content=\"summary_large_image\" \/>\n<meta name=\"twitter:site\" content=\"@MuseuDali\" \/>\n<meta name=\"twitter:label1\" content=\"Tiempo de lectura\" \/>\n\t<meta name=\"twitter:data1\" content=\"5 minutos\" \/>\n<script type=\"application\/ld+json\" class=\"yoast-schema-graph\">{\"@context\":\"https:\\\/\\\/schema.org\",\"@graph\":[{\"@type\":\"WebPage\",\"@id\":\"https:\\\/\\\/madona.salvador-dali.org\\\/es\\\/\",\"url\":\"https:\\\/\\\/madona.salvador-dali.org\\\/es\\\/\",\"name\":\"La Madona de Portlligat | Fundaci\u00f3 Gala - Salvador Dal\u00ed\",\"isPartOf\":{\"@id\":\"https:\\\/\\\/madona.salvador-dali.org\\\/es\\\/#website\"},\"primaryImageOfPage\":{\"@id\":\"https:\\\/\\\/madona.salvador-dali.org\\\/es\\\/#primaryimage\"},\"image\":{\"@id\":\"https:\\\/\\\/madona.salvador-dali.org\\\/es\\\/#primaryimage\"},\"thumbnailUrl\":\"https:\\\/\\\/madona.salvador-dali.org\\\/wp-content\\\/uploads\\\/2025\\\/09\\\/video-poster-tot.jpg\",\"datePublished\":\"2025-05-25T07:12:22+00:00\",\"dateModified\":\"2025-11-13T11:12:32+00:00\",\"description\":\"Tras 73 a\u00f1os fuera, y gracias a un pr\u00e9stamo excepcional fruto de la colaboraci\u00f3n con el Fukuoka Art Museum (Jap\u00f3n), el Teatro-Museo Dal\u00ed acoge esta obra clave en la trayectoria del pintor.\",\"breadcrumb\":{\"@id\":\"https:\\\/\\\/madona.salvador-dali.org\\\/es\\\/#breadcrumb\"},\"inLanguage\":\"es\",\"potentialAction\":[{\"@type\":\"ReadAction\",\"target\":[\"https:\\\/\\\/madona.salvador-dali.org\\\/es\\\/\"]}]},{\"@type\":\"ImageObject\",\"inLanguage\":\"es\",\"@id\":\"https:\\\/\\\/madona.salvador-dali.org\\\/es\\\/#primaryimage\",\"url\":\"https:\\\/\\\/madona.salvador-dali.org\\\/wp-content\\\/uploads\\\/2025\\\/09\\\/video-poster-tot.jpg\",\"contentUrl\":\"https:\\\/\\\/madona.salvador-dali.org\\\/wp-content\\\/uploads\\\/2025\\\/09\\\/video-poster-tot.jpg\"},{\"@type\":\"BreadcrumbList\",\"@id\":\"https:\\\/\\\/madona.salvador-dali.org\\\/es\\\/#breadcrumb\",\"itemListElement\":[{\"@type\":\"ListItem\",\"position\":1,\"name\":\"Inici\",\"item\":\"https:\\\/\\\/madona.salvador-dali.org\\\/es\\\/\"},{\"@type\":\"ListItem\",\"position\":2,\"name\":\"Inicio\"}]},{\"@type\":\"WebSite\",\"@id\":\"https:\\\/\\\/madona.salvador-dali.org\\\/es\\\/#website\",\"url\":\"https:\\\/\\\/madona.salvador-dali.org\\\/es\\\/\",\"name\":\"La Madona de Portlligat\",\"description\":\"Una explosi\u00f3 on\u00edrica\",\"publisher\":{\"@id\":\"https:\\\/\\\/madona.salvador-dali.org\\\/es\\\/#organization\"},\"potentialAction\":[{\"@type\":\"SearchAction\",\"target\":{\"@type\":\"EntryPoint\",\"urlTemplate\":\"https:\\\/\\\/madona.salvador-dali.org\\\/es\\\/?s={search_term_string}\"},\"query-input\":{\"@type\":\"PropertyValueSpecification\",\"valueRequired\":true,\"valueName\":\"search_term_string\"}}],\"inLanguage\":\"es\"},{\"@type\":\"Organization\",\"@id\":\"https:\\\/\\\/madona.salvador-dali.org\\\/es\\\/#organization\",\"name\":\"Fundaci\u00f3 Gala-Salvador Dal\u00ed\",\"url\":\"https:\\\/\\\/madona.salvador-dali.org\\\/es\\\/\",\"logo\":{\"@type\":\"ImageObject\",\"inLanguage\":\"es\",\"@id\":\"https:\\\/\\\/madona.salvador-dali.org\\\/es\\\/#\\\/schema\\\/logo\\\/image\\\/\",\"url\":\"https:\\\/\\\/madona.salvador-dali.org\\\/wp-content\\\/uploads\\\/2025\\\/08\\\/logo-fundacio-gala-salvador-black.svg\",\"contentUrl\":\"https:\\\/\\\/madona.salvador-dali.org\\\/wp-content\\\/uploads\\\/2025\\\/08\\\/logo-fundacio-gala-salvador-black.svg\",\"caption\":\"Fundaci\u00f3 Gala-Salvador Dal\u00ed\"},\"image\":{\"@id\":\"https:\\\/\\\/madona.salvador-dali.org\\\/es\\\/#\\\/schema\\\/logo\\\/image\\\/\"},\"sameAs\":[\"https:\\\/\\\/www.facebook.com\\\/MuseusDali\",\"https:\\\/\\\/x.com\\\/MuseuDali\",\"https:\\\/\\\/www.youtube.com\\\/user\\\/FundacioDali\",\"https:\\\/\\\/www.flickr.com\\\/fundacio_dali\\\/\",\"https:\\\/\\\/instagram.com\\\/museudali\"]}]}<\/script>\n<!-- \/ Yoast SEO plugin. -->","yoast_head_json":{"title":"La Madona de Portlligat | Fundaci\u00f3 Gala - Salvador Dal\u00ed","description":"Tras 73 a\u00f1os fuera, y gracias a un pr\u00e9stamo excepcional fruto de la colaboraci\u00f3n con el Fukuoka Art Museum (Jap\u00f3n), el Teatro-Museo Dal\u00ed acoge esta obra clave en la trayectoria del pintor.","robots":{"index":"index","follow":"follow","max-snippet":"max-snippet:-1","max-image-preview":"max-image-preview:large","max-video-preview":"max-video-preview:-1"},"canonical":"https:\/\/madona.salvador-dali.org\/es\/","og_locale":"es_ES","og_type":"article","og_title":"La Madona de Portlligat | Fundaci\u00f3 Gala - Salvador Dal\u00ed","og_description":"Tras 73 a\u00f1os fuera, y gracias a un pr\u00e9stamo excepcional fruto de la colaboraci\u00f3n con el Fukuoka Art Museum (Jap\u00f3n), el Teatro-Museo Dal\u00ed acoge esta obra clave en la trayectoria del pintor.","og_url":"https:\/\/madona.salvador-dali.org\/es\/","og_site_name":"La Madona de Portlligat","article_publisher":"https:\/\/www.facebook.com\/MuseusDali","article_modified_time":"2025-11-13T11:12:32+00:00","og_image":[{"url":"https:\/\/madona.salvador-dali.org\/wp-content\/uploads\/2025\/09\/video-poster-tot.jpg","type":"","width":"","height":""}],"twitter_card":"summary_large_image","twitter_site":"@MuseuDali","twitter_misc":{"Tiempo de lectura":"5 minutos"},"schema":{"@context":"https:\/\/schema.org","@graph":[{"@type":"WebPage","@id":"https:\/\/madona.salvador-dali.org\/es\/","url":"https:\/\/madona.salvador-dali.org\/es\/","name":"La Madona de Portlligat | Fundaci\u00f3 Gala - Salvador Dal\u00ed","isPartOf":{"@id":"https:\/\/madona.salvador-dali.org\/es\/#website"},"primaryImageOfPage":{"@id":"https:\/\/madona.salvador-dali.org\/es\/#primaryimage"},"image":{"@id":"https:\/\/madona.salvador-dali.org\/es\/#primaryimage"},"thumbnailUrl":"https:\/\/madona.salvador-dali.org\/wp-content\/uploads\/2025\/09\/video-poster-tot.jpg","datePublished":"2025-05-25T07:12:22+00:00","dateModified":"2025-11-13T11:12:32+00:00","description":"Tras 73 a\u00f1os fuera, y gracias a un pr\u00e9stamo excepcional fruto de la colaboraci\u00f3n con el Fukuoka Art Museum (Jap\u00f3n), el Teatro-Museo Dal\u00ed acoge esta obra clave en la trayectoria del pintor.","breadcrumb":{"@id":"https:\/\/madona.salvador-dali.org\/es\/#breadcrumb"},"inLanguage":"es","potentialAction":[{"@type":"ReadAction","target":["https:\/\/madona.salvador-dali.org\/es\/"]}]},{"@type":"ImageObject","inLanguage":"es","@id":"https:\/\/madona.salvador-dali.org\/es\/#primaryimage","url":"https:\/\/madona.salvador-dali.org\/wp-content\/uploads\/2025\/09\/video-poster-tot.jpg","contentUrl":"https:\/\/madona.salvador-dali.org\/wp-content\/uploads\/2025\/09\/video-poster-tot.jpg"},{"@type":"BreadcrumbList","@id":"https:\/\/madona.salvador-dali.org\/es\/#breadcrumb","itemListElement":[{"@type":"ListItem","position":1,"name":"Inici","item":"https:\/\/madona.salvador-dali.org\/es\/"},{"@type":"ListItem","position":2,"name":"Inicio"}]},{"@type":"WebSite","@id":"https:\/\/madona.salvador-dali.org\/es\/#website","url":"https:\/\/madona.salvador-dali.org\/es\/","name":"La Madona de Portlligat","description":"Una explosi\u00f3 on\u00edrica","publisher":{"@id":"https:\/\/madona.salvador-dali.org\/es\/#organization"},"potentialAction":[{"@type":"SearchAction","target":{"@type":"EntryPoint","urlTemplate":"https:\/\/madona.salvador-dali.org\/es\/?s={search_term_string}"},"query-input":{"@type":"PropertyValueSpecification","valueRequired":true,"valueName":"search_term_string"}}],"inLanguage":"es"},{"@type":"Organization","@id":"https:\/\/madona.salvador-dali.org\/es\/#organization","name":"Fundaci\u00f3 Gala-Salvador Dal\u00ed","url":"https:\/\/madona.salvador-dali.org\/es\/","logo":{"@type":"ImageObject","inLanguage":"es","@id":"https:\/\/madona.salvador-dali.org\/es\/#\/schema\/logo\/image\/","url":"https:\/\/madona.salvador-dali.org\/wp-content\/uploads\/2025\/08\/logo-fundacio-gala-salvador-black.svg","contentUrl":"https:\/\/madona.salvador-dali.org\/wp-content\/uploads\/2025\/08\/logo-fundacio-gala-salvador-black.svg","caption":"Fundaci\u00f3 Gala-Salvador Dal\u00ed"},"image":{"@id":"https:\/\/madona.salvador-dali.org\/es\/#\/schema\/logo\/image\/"},"sameAs":["https:\/\/www.facebook.com\/MuseusDali","https:\/\/x.com\/MuseuDali","https:\/\/www.youtube.com\/user\/FundacioDali","https:\/\/www.flickr.com\/fundacio_dali\/","https:\/\/instagram.com\/museudali"]}]}},"_links":{"self":[{"href":"https:\/\/madona.salvador-dali.org\/es\/wp-json\/wp\/v2\/pages\/1990","targetHints":{"allow":["GET"]}}],"collection":[{"href":"https:\/\/madona.salvador-dali.org\/es\/wp-json\/wp\/v2\/pages"}],"about":[{"href":"https:\/\/madona.salvador-dali.org\/es\/wp-json\/wp\/v2\/types\/page"}],"author":[{"embeddable":true,"href":"https:\/\/madona.salvador-dali.org\/es\/wp-json\/wp\/v2\/users\/6"}],"replies":[{"embeddable":true,"href":"https:\/\/madona.salvador-dali.org\/es\/wp-json\/wp\/v2\/comments?post=1990"}],"version-history":[{"count":147,"href":"https:\/\/madona.salvador-dali.org\/es\/wp-json\/wp\/v2\/pages\/1990\/revisions"}],"predecessor-version":[{"id":3472,"href":"https:\/\/madona.salvador-dali.org\/es\/wp-json\/wp\/v2\/pages\/1990\/revisions\/3472"}],"wp:attachment":[{"href":"https:\/\/madona.salvador-dali.org\/es\/wp-json\/wp\/v2\/media?parent=1990"}],"curies":[{"name":"wp","href":"https:\/\/api.w.org\/{rel}","templated":true}]}}