{"id":2380,"date":"2025-05-25T09:12:22","date_gmt":"2025-05-25T07:12:22","guid":{"rendered":"https:\/\/madona.salvador-dali.org\/inici\/"},"modified":"2025-11-13T12:12:51","modified_gmt":"2025-11-13T11:12:51","slug":"inici","status":"publish","type":"page","link":"https:\/\/madona.salvador-dali.org\/en\/","title":{"rendered":"Home"},"content":{"rendered":"\n<div class=\"wp-block-columns is-layout-flex wp-container-core-columns-is-layout-9d6595d7 wp-block-columns-is-layout-flex\">\n<div class=\"wp-block-column vimeo-container is-layout-flow wp-block-column-is-layout-flow\">\n<figure class=\"wp-block-image size-full vimeo-poster\"><img loading=\"lazy\" decoding=\"async\" width=\"2048\" height=\"1324\" src=\"https:\/\/madona.salvador-dali.org\/wp-content\/uploads\/2025\/09\/video-poster-tot.jpg\" alt=\"\" class=\"wp-image-2575\" title=\"\" srcset=\"https:\/\/madona.salvador-dali.org\/wp-content\/uploads\/2025\/09\/video-poster-tot.jpg 2048w, https:\/\/madona.salvador-dali.org\/wp-content\/uploads\/2025\/09\/video-poster-tot-300x194.jpg 300w, https:\/\/madona.salvador-dali.org\/wp-content\/uploads\/2025\/09\/video-poster-tot-1024x662.jpg 1024w, https:\/\/madona.salvador-dali.org\/wp-content\/uploads\/2025\/09\/video-poster-tot-768x497.jpg 768w, https:\/\/madona.salvador-dali.org\/wp-content\/uploads\/2025\/09\/video-poster-tot-1536x993.jpg 1536w\" sizes=\"auto, (max-width: 2048px) 100vw, 2048px\" \/><\/figure>\n\n\n\n<figure class=\"wp-block-embed is-type-video is-provider-vimeo wp-block-embed-vimeo wp-embed-aspect-16-9 wp-has-aspect-ratio\"><div class=\"wp-block-embed__wrapper\">\n<iframe loading=\"lazy\" title=\"La Madona de Portlligat. Una explosi\u00f3n on\u00edrica. TR\u00c1ILER_CAST\/ENG\" src=\"https:\/\/player.vimeo.com\/video\/1117044994?dnt=1&amp;app_id=122963\" width=\"640\" height=\"360\" frameborder=\"0\" allow=\"autoplay; fullscreen; picture-in-picture; clipboard-write; encrypted-media; web-share\" referrerpolicy=\"strict-origin-when-cross-origin\"><\/iframe>\n<\/div><\/figure>\n\n\n\n<button class=\"vimeo-button\">\n<span class=\"sr-only\">Play<\/span>\n<\/button>\n<\/div>\n<\/div>\n\n\n\n<div class=\"wp-block-columns container presentacio is-layout-flex wp-container-core-columns-is-layout-9d6595d7 wp-block-columns-is-layout-flex\">\n<div class=\"wp-block-column is-layout-flow wp-block-column-is-layout-flow\">\n<h2 class=\"wp-block-heading\">Introduction<\/h2>\n\n\n\n<p><strong><em>The Madonna of Portlligat. An Oneiric Explosion<\/em><\/strong><\/p>\n<\/div>\n\n\n\n<div class=\"wp-block-column is-layout-flow wp-block-column-is-layout-flow\">\n<p>After 73 years abroad and thanks to an exceptional loan arising from collaboration with the Fukuoka Art Museum (Japan), the Dal\u00ed Theatre-Museum hosts this key work in the painter\u2019s career.<\/p>\n\n\n\n<p>With <a href=\"https:\/\/catalogues.salvador-dali.org\/catalogues\/en\/heritageobject\/482\/\"><em>The Madonna of Portlligat <\/em>(<em>c<\/em>. 1950)<\/a>, Dal\u00ed invites us to dream: a poetic and luminous response to the conflicts of the modern world.<\/p>\n\n\n\n<button id=\"button-ext-presentacio\" class=\"expand\" title=\"Llegiu la presentaci\u00f3\">\n<span class=\"text-expand\">Continue reading <\/span>\n<\/button>\n<\/div>\n<\/div>\n\n\n\n<div class=\"wp-block-columns expand-content llegir-mes is-layout-flex wp-container-core-columns-is-layout-9d6595d7 wp-block-columns-is-layout-flex\" id=\"ext-presentacio\">\n<div class=\"wp-block-column is-layout-flow wp-block-column-is-layout-flow\">\n<button class=\"expanded-close\"><\/button>\n\n\n\n<p><em>The Madonna of Portlligat<\/em> is a key work in the painter&#8217;s nuclear mystical stage, where he fuses art, science and spirituality, with Gala, his wife, at the centre. Considered a masterpiece by Salvador Dal\u00ed, it is an allegorical painting with powerful iconography and a striking composition. The work synthesizes his artistic evolution, from Surrealism to nuclear mysticism\u2014a new stage in his career where he combines nuclear physics, religion, and a return to classicism to express his vision of the world.<\/p>\n\n\n\n<p>The work is not only a synthesis of his evolution as a painter, but also offers us a gateway to his particular universe, where reality and dream, religion and science, weight and lightness coexist in absolute harmony.<\/p>\n\n\n\n<p>\u201cThe old Dal\u00ed is gone. That was the nightmare period with confusions and suffering, without elevation, and he used a lot of greens and reds and black for expression. Here in the new Dal\u00ed, you see more blues and yellows, the serene colors. This is because Dal\u00ed is now leading in mysticism, in a mystical <a>direction<\/a>.\u201d<\/p>\n\n\n\n<p>SALVADOR DAL\u00cd<br>Wambly Bald, \u201cDali suggests dreams as cure for worries\u201d, <em>New York Post<\/em>, New York, 21\/12\/1950<a id=\"_msocom_1\"><\/a><\/p>\n<\/div>\n<\/div>\n\n\n\n<div class=\"wp-block-columns container opcions is-layout-flex wp-container-core-columns-is-layout-9d6595d7 wp-block-columns-is-layout-flex\">\n<div class=\"wp-block-column is-vertically-aligned-top is-layout-flow wp-block-column-is-layout-flow\">\n<figure class=\"wp-block-image size-full\"><img loading=\"lazy\" decoding=\"async\" width=\"832\" height=\"885\" src=\"https:\/\/madona.salvador-dali.org\/wp-content\/uploads\/2025\/07\/madona1-e1757502998797.jpg\" alt=\"\" class=\"wp-image-1996\" srcset=\"https:\/\/madona.salvador-dali.org\/wp-content\/uploads\/2025\/07\/madona1-e1757502998797.jpg 832w, https:\/\/madona.salvador-dali.org\/wp-content\/uploads\/2025\/07\/madona1-e1757502998797-282x300.jpg 282w, https:\/\/madona.salvador-dali.org\/wp-content\/uploads\/2025\/07\/madona1-e1757502998797-768x817.jpg 768w\" sizes=\"auto, (max-width: 832px) 100vw, 832px\" \/><\/figure>\n\n\n\n<div class=\"wp-block-columns is-not-stacked-on-mobile opcions-titol is-layout-flex wp-container-core-columns-is-layout-9d6595d7 wp-block-columns-is-layout-flex\">\n<div class=\"wp-block-column is-layout-flow wp-block-column-is-layout-flow\" style=\"flex-basis:90%\">\n<h2 class=\"wp-block-heading\">Visual itinerary<\/h2>\n\n\n\n<p>Map of a traveling work.<\/p>\n<\/div>\n\n\n\n<div class=\"wp-block-column is-layout-flow wp-block-column-is-layout-flow\" style=\"flex-basis:10%\">\n<div class=\"wp-block-buttons is-content-justification-center is-layout-flex wp-container-core-buttons-is-layout-16018d1d wp-block-buttons-is-layout-flex\">\n<div class=\"wp-block-button is-style-outline is-style-outline--1\"><a class=\"wp-block-button__link has-small-font-size has-custom-font-size wp-element-button\" href=\"https:\/\/madona.salvador-dali.org\/en\/viatge\/visual-itinerary\/\">veure<\/a><\/div>\n<\/div>\n<\/div>\n<\/div>\n\n\n\n<p class=\"opcions-text\">Discover the fascinating journey of <em>The Madonna of Portlligat<\/em>, one of Salvador Dal\u00ed&#8217;s most emblematic works, through this interactive storymap. Delve into its unique trajectory until it reaches the Dal\u00ed Theatre-Museum, where it stars in a temporary exhibition that invites you to rediscover the Empord\u00e0 genius from a new perspective.<\/p>\n<\/div>\n\n\n\n<div class=\"wp-block-column is-layout-flow wp-block-column-is-layout-flow\">\n<figure class=\"wp-block-image size-full\"><img loading=\"lazy\" decoding=\"async\" width=\"826\" height=\"954\" src=\"https:\/\/madona.salvador-dali.org\/wp-content\/uploads\/2025\/07\/madona2.jpg\" alt=\"\" class=\"wp-image-2000\" srcset=\"https:\/\/madona.salvador-dali.org\/wp-content\/uploads\/2025\/07\/madona2.jpg 826w, https:\/\/madona.salvador-dali.org\/wp-content\/uploads\/2025\/07\/madona2-260x300.jpg 260w, https:\/\/madona.salvador-dali.org\/wp-content\/uploads\/2025\/07\/madona2-768x887.jpg 768w\" sizes=\"auto, (max-width: 826px) 100vw, 826px\" \/><\/figure>\n\n\n\n<div class=\"wp-block-columns is-not-stacked-on-mobile opcions-titol is-layout-flex wp-container-core-columns-is-layout-9d6595d7 wp-block-columns-is-layout-flex\">\n<div class=\"wp-block-column is-layout-flow wp-block-column-is-layout-flow\" style=\"flex-basis:90%\">\n<h2 class=\"wp-block-heading\">The Madonna <a>Expanded<\/a>:<\/h2>\n\n\n\n<p>Approaching a Masterpiece.<\/p>\n<\/div>\n\n\n\n<div class=\"wp-block-column is-layout-flow wp-block-column-is-layout-flow\" style=\"flex-basis:10%\">\n<div class=\"wp-block-buttons is-content-justification-center is-layout-flex wp-container-core-buttons-is-layout-16018d1d wp-block-buttons-is-layout-flex\">\n<div class=\"wp-block-button is-style-outline is-style-outline--2\"><a class=\"wp-block-button__link has-small-font-size has-custom-font-size wp-element-button\" href=\"https:\/\/madona.salvador-dali.org\/en\/the-madonna-expanded\/\">veure<\/a><\/div>\n<\/div>\n<\/div>\n<\/div>\n\n\n\n<p class=\"opcions-text\"><em>The Madonna of Portlligat<\/em> from a different perspective. Discover what is hidden behind each detail, its symbolism, the technique and the story behind the piece.<\/p>\n<\/div>\n<\/div>\n\n\n\n<div class=\"wp-block-columns cita is-layout-flex wp-container-core-columns-is-layout-9d6595d7 wp-block-columns-is-layout-flex\">\n<div class=\"wp-block-column container is-layout-flow wp-block-column-is-layout-flow\">\n<blockquote class=\"wp-block-quote is-layout-flow wp-block-quote-is-layout-flow\">\n<p class=\"has-text-align-center\">&nbsp;\u201cI aspire for the Madonna, the model for which was my wife, to be a condensation of all that there is of wondrous virtue, of spiritual strength, of colour and of geology.\u201d<\/p>\n<\/blockquote>\n\n\n\n<p class=\"has-text-align-center dali\">SALVADOR DAL\u00cd<br><a>Jos\u00e9 Mar\u00eda <\/a>Massip, \u201cDal\u00ed, hoy\u201d, <em>Destino<\/em>, Barcelona, 01\/04\/1950<a id=\"_msocom_1\"><\/a><\/p>\n<\/div>\n<\/div>\n\n\n\n<div class=\"wp-block-columns container publicacio-titol is-layout-flex wp-container-core-columns-is-layout-9d6595d7 wp-block-columns-is-layout-flex\">\n<div class=\"wp-block-column is-layout-flow wp-block-column-is-layout-flow\">\n<h2 class=\"wp-block-heading\">Official Publication<\/h2>\n<\/div>\n<\/div>\n\n\n\n<div class=\"wp-block-columns container publicacio-text is-layout-flex wp-container-core-columns-is-layout-9d6595d7 wp-block-columns-is-layout-flex\">\n<div class=\"wp-block-column is-layout-flow wp-block-column-is-layout-flow\">\n<figure class=\"wp-block-image size-large\"><img loading=\"lazy\" decoding=\"async\" width=\"671\" height=\"1024\" src=\"https:\/\/madona.salvador-dali.org\/wp-content\/uploads\/2025\/09\/ENG_ATT00003_page-0001-e1758034963835-671x1024.jpg\" alt=\"\" class=\"wp-image-3005\" style=\"object-fit:cover\" srcset=\"https:\/\/madona.salvador-dali.org\/wp-content\/uploads\/2025\/09\/ENG_ATT00003_page-0001-e1758034963835-671x1024.jpg 671w, https:\/\/madona.salvador-dali.org\/wp-content\/uploads\/2025\/09\/ENG_ATT00003_page-0001-e1758034963835-197x300.jpg 197w, https:\/\/madona.salvador-dali.org\/wp-content\/uploads\/2025\/09\/ENG_ATT00003_page-0001-e1758034963835-768x1172.jpg 768w, https:\/\/madona.salvador-dali.org\/wp-content\/uploads\/2025\/09\/ENG_ATT00003_page-0001-e1758034963835.jpg 813w\" sizes=\"auto, (max-width: 671px) 100vw, 671px\" \/><\/figure>\n<\/div>\n\n\n\n<div class=\"wp-block-column is-layout-flow wp-block-column-is-layout-flow\">\n<p>The Fundaci\u00f3 Gala-Salvador Dal\u00ed presents <em>The Madonna of Portlligat. An Oneiric Explosion<\/em>, a monograph dedicated to one of the artist\u2019s most iconic works. The publication explores Dal\u00ed\u2019s personal and artistic context to understand how he shaped this great creation.<\/p>\n\n\n\n<p>Drawing on research by the Centre for Dalinian Studies, the book delves into the period known as \u201cnuclear mysticism\u201d. It illustrates how Dal\u00ed blended Surrealism, the scientific advances, and his own spiritual quest to create a unique image of his time. The book also explores lesser-known aspects of the work.<\/p>\n\n\n\n<p>On sale at the Fundaci\u00f3 Dal\u00ed shops. Available in Catalan, Spanish, French and English.<\/p>\n\n\n\n<p style=\"font-size:1.6rem\">As a preview, you can <a href=\"https:\/\/madona.salvador-dali.org\/wp-content\/uploads\/2025\/09\/ATT00005_ENG.pdf\"><strong>download \u2193<\/strong><\/a> the first chapter and delve into Dal\u00ed\u2019s universe!<\/p>\n<\/div>\n<\/div>\n\n\n\n<hr class=\"wp-block-separator has-alpha-channel-opacity\"\/>\n\n\n\n<div class=\"wp-block-columns container audiovisual is-layout-flex wp-container-core-columns-is-layout-9d6595d7 wp-block-columns-is-layout-flex\">\n<div class=\"wp-block-column is-layout-flow wp-block-column-is-layout-flow\">\n<h2 class=\"wp-block-heading\">AUDIO-VISUAL<\/h2>\n\n\n\n<p><strong>Title: <\/strong>The Madonna of Portlligat. An Oneiric Explosion<br><strong>Year: <\/strong>2025<br><strong>Production: <\/strong>Fundaci\u00f3 Gala-Salvador Dal\u00ed<br><strong>Director:<\/strong> David Pujol<br><strong>Script:<\/strong> David Pujol and Montse Aguer, with the collaboration of Lucia Moni<br><strong>Editor: <\/strong>Jordi Mu\u00f1oz Sall\u00f3<br><strong>Content and Documentation Coordinator: <\/strong>Lucia Moni<br><strong>Assistant Content and Documentation Coordinator:<\/strong> Maria Carreras<\/p>\n\n\n\n<p>In 1949, Dal\u00ed painted the first version of <em>The Madonna of Portlligat<\/em> and showed it to Pope Pius XII. A year later, he created a second version, of larger dimensions. Aware that he could not paint it anywhere else, he shuttered himself away in Portlligat, in his studio on the coast, which became the background and setting for the work.<\/p>\n\n\n\n<p>Inspired by the great masters of the Renaissance, this creation began a fascinating journey: from Portlligat to New York and from London to Paris, among many other destinations. Exhibited in such remarkable places as the Sala delle Cariatidi [Hall of the Caryatids] in Milan\u2019s Palazzo Reale, in ruins after the Second World War, <em>The Madonna<\/em> shows its power as a painting capable of transforming spaces and captivating gazes.<\/p>\n<\/div>\n\n\n\n<div class=\"wp-block-column vimeo-container is-layout-flow wp-block-column-is-layout-flow\">\n<figure class=\"wp-block-image size-full vimeo-poster\"><img loading=\"lazy\" decoding=\"async\" width=\"2048\" height=\"1324\" src=\"https:\/\/madona.salvador-dali.org\/wp-content\/uploads\/2025\/09\/video-poster-es-en.jpg\" alt=\"\" class=\"wp-image-2535\" title=\"\" srcset=\"https:\/\/madona.salvador-dali.org\/wp-content\/uploads\/2025\/09\/video-poster-es-en.jpg 2048w, https:\/\/madona.salvador-dali.org\/wp-content\/uploads\/2025\/09\/video-poster-es-en-300x194.jpg 300w, https:\/\/madona.salvador-dali.org\/wp-content\/uploads\/2025\/09\/video-poster-es-en-1024x662.jpg 1024w, https:\/\/madona.salvador-dali.org\/wp-content\/uploads\/2025\/09\/video-poster-es-en-768x497.jpg 768w, https:\/\/madona.salvador-dali.org\/wp-content\/uploads\/2025\/09\/video-poster-es-en-1536x993.jpg 1536w\" sizes=\"auto, (max-width: 2048px) 100vw, 2048px\" \/><\/figure>\n\n\n\n<figure class=\"wp-block-embed is-type-video is-provider-vimeo wp-block-embed-vimeo wp-embed-aspect-16-9 wp-has-aspect-ratio\"><div class=\"wp-block-embed__wrapper\">\n<iframe loading=\"lazy\" src=\"https:\/\/player.vimeo.com\/video\/1117046981?dnt=1&amp;app_id=122963\" width=\"640\" height=\"360\" frameborder=\"0\" allow=\"autoplay; fullscreen; picture-in-picture; clipboard-write; encrypted-media; web-share\" referrerpolicy=\"strict-origin-when-cross-origin\"><\/iframe>\n<\/div><\/figure>\n\n\n\n<button class=\"vimeo-button\">\n<span class=\"sr-only\">Play<\/span>\n<\/button>\n<\/div>\n<\/div>\n","protected":false},"excerpt":{"rendered":"<p>Play Introduction The Madonna of Portlligat. An Oneiric Explosion After 73 years abroad and thanks to an exceptional loan arising from collaboration with the Fukuoka Art Museum (Japan), the Dal\u00ed Theatre-Museum hosts this key work in the painter\u2019s career. With The Madonna of Portlligat (c. 1950), Dal\u00ed invites us to dream: a poetic and luminous [&#8230;]<\/p>\n<p><a class=\"btn btn-secondary understrap-read-more-link\" href=\"https:\/\/madona.salvador-dali.org\/en\/\">Read More&#8230;<span class=\"screen-reader-text\"> from Home<\/span><\/a><\/p>\n","protected":false},"author":6,"featured_media":0,"parent":0,"menu_order":14,"comment_status":"closed","ping_status":"closed","template":"","meta":{"_acf_changed":false,"inline_featured_image":false,"footnotes":""},"class_list":["post-2380","page","type-page","status-publish","hentry"],"acf":[],"yoast_head":"<!-- This site is optimized with the Yoast SEO plugin v27.5 - https:\/\/yoast.com\/product\/yoast-seo-wordpress\/ -->\n<title>La Madona de Portlligat | Fundaci\u00f3 Gala - Salvador Dal\u00ed<\/title>\n<meta name=\"description\" content=\"After 73 years abroad and thanks to an exceptional loan arising from collaboration with the Fukuoka Art Museum (Japan), the Dal\u00ed Theatre-Museum hosts this key work in the painter\u2019s career.\" \/>\n<meta name=\"robots\" content=\"index, follow, max-snippet:-1, max-image-preview:large, max-video-preview:-1\" \/>\n<link rel=\"canonical\" href=\"https:\/\/madona.salvador-dali.org\/en\/\" \/>\n<meta property=\"og:locale\" content=\"en_US\" \/>\n<meta property=\"og:type\" content=\"article\" \/>\n<meta property=\"og:title\" content=\"La Madona de Portlligat | Fundaci\u00f3 Gala - Salvador Dal\u00ed\" \/>\n<meta property=\"og:description\" content=\"After 73 years abroad and thanks to an exceptional loan arising from collaboration with the Fukuoka Art Museum (Japan), the Dal\u00ed Theatre-Museum hosts this key work in the painter\u2019s career.\" \/>\n<meta property=\"og:url\" content=\"https:\/\/madona.salvador-dali.org\/en\/\" \/>\n<meta property=\"og:site_name\" content=\"La Madona de Portlligat\" \/>\n<meta property=\"article:publisher\" content=\"https:\/\/www.facebook.com\/MuseusDali\" \/>\n<meta property=\"article:modified_time\" content=\"2025-11-13T11:12:51+00:00\" \/>\n<meta property=\"og:image\" content=\"https:\/\/madona.salvador-dali.org\/wp-content\/uploads\/2025\/09\/video-poster-tot.jpg\" \/>\n<meta name=\"twitter:card\" content=\"summary_large_image\" \/>\n<meta name=\"twitter:site\" content=\"@MuseuDali\" \/>\n<meta name=\"twitter:label1\" content=\"Est. reading time\" \/>\n\t<meta name=\"twitter:data1\" content=\"5 minutes\" \/>\n<script type=\"application\/ld+json\" class=\"yoast-schema-graph\">{\"@context\":\"https:\\\/\\\/schema.org\",\"@graph\":[{\"@type\":\"WebPage\",\"@id\":\"https:\\\/\\\/madona.salvador-dali.org\\\/en\\\/\",\"url\":\"https:\\\/\\\/madona.salvador-dali.org\\\/en\\\/\",\"name\":\"La Madona de Portlligat | Fundaci\u00f3 Gala - Salvador Dal\u00ed\",\"isPartOf\":{\"@id\":\"https:\\\/\\\/madona.salvador-dali.org\\\/en\\\/#website\"},\"primaryImageOfPage\":{\"@id\":\"https:\\\/\\\/madona.salvador-dali.org\\\/en\\\/#primaryimage\"},\"image\":{\"@id\":\"https:\\\/\\\/madona.salvador-dali.org\\\/en\\\/#primaryimage\"},\"thumbnailUrl\":\"https:\\\/\\\/madona.salvador-dali.org\\\/wp-content\\\/uploads\\\/2025\\\/09\\\/video-poster-tot.jpg\",\"datePublished\":\"2025-05-25T07:12:22+00:00\",\"dateModified\":\"2025-11-13T11:12:51+00:00\",\"description\":\"After 73 years abroad and thanks to an exceptional loan arising from collaboration with the Fukuoka Art Museum (Japan), the Dal\u00ed Theatre-Museum hosts this key work in the painter\u2019s career.\",\"breadcrumb\":{\"@id\":\"https:\\\/\\\/madona.salvador-dali.org\\\/en\\\/#breadcrumb\"},\"inLanguage\":\"en-US\",\"potentialAction\":[{\"@type\":\"ReadAction\",\"target\":[\"https:\\\/\\\/madona.salvador-dali.org\\\/en\\\/\"]}]},{\"@type\":\"ImageObject\",\"inLanguage\":\"en-US\",\"@id\":\"https:\\\/\\\/madona.salvador-dali.org\\\/en\\\/#primaryimage\",\"url\":\"https:\\\/\\\/madona.salvador-dali.org\\\/wp-content\\\/uploads\\\/2025\\\/09\\\/video-poster-tot.jpg\",\"contentUrl\":\"https:\\\/\\\/madona.salvador-dali.org\\\/wp-content\\\/uploads\\\/2025\\\/09\\\/video-poster-tot.jpg\"},{\"@type\":\"BreadcrumbList\",\"@id\":\"https:\\\/\\\/madona.salvador-dali.org\\\/en\\\/#breadcrumb\",\"itemListElement\":[{\"@type\":\"ListItem\",\"position\":1,\"name\":\"Inici\",\"item\":\"https:\\\/\\\/madona.salvador-dali.org\\\/en\\\/\"},{\"@type\":\"ListItem\",\"position\":2,\"name\":\"Home\"}]},{\"@type\":\"WebSite\",\"@id\":\"https:\\\/\\\/madona.salvador-dali.org\\\/en\\\/#website\",\"url\":\"https:\\\/\\\/madona.salvador-dali.org\\\/en\\\/\",\"name\":\"La Madona de Portlligat\",\"description\":\"Una explosi\u00f3 on\u00edrica\",\"publisher\":{\"@id\":\"https:\\\/\\\/madona.salvador-dali.org\\\/en\\\/#organization\"},\"potentialAction\":[{\"@type\":\"SearchAction\",\"target\":{\"@type\":\"EntryPoint\",\"urlTemplate\":\"https:\\\/\\\/madona.salvador-dali.org\\\/en\\\/?s={search_term_string}\"},\"query-input\":{\"@type\":\"PropertyValueSpecification\",\"valueRequired\":true,\"valueName\":\"search_term_string\"}}],\"inLanguage\":\"en-US\"},{\"@type\":\"Organization\",\"@id\":\"https:\\\/\\\/madona.salvador-dali.org\\\/en\\\/#organization\",\"name\":\"Fundaci\u00f3 Gala-Salvador Dal\u00ed\",\"url\":\"https:\\\/\\\/madona.salvador-dali.org\\\/en\\\/\",\"logo\":{\"@type\":\"ImageObject\",\"inLanguage\":\"en-US\",\"@id\":\"https:\\\/\\\/madona.salvador-dali.org\\\/en\\\/#\\\/schema\\\/logo\\\/image\\\/\",\"url\":\"https:\\\/\\\/madona.salvador-dali.org\\\/wp-content\\\/uploads\\\/2025\\\/08\\\/logo-fundacio-gala-salvador-black.svg\",\"contentUrl\":\"https:\\\/\\\/madona.salvador-dali.org\\\/wp-content\\\/uploads\\\/2025\\\/08\\\/logo-fundacio-gala-salvador-black.svg\",\"caption\":\"Fundaci\u00f3 Gala-Salvador Dal\u00ed\"},\"image\":{\"@id\":\"https:\\\/\\\/madona.salvador-dali.org\\\/en\\\/#\\\/schema\\\/logo\\\/image\\\/\"},\"sameAs\":[\"https:\\\/\\\/www.facebook.com\\\/MuseusDali\",\"https:\\\/\\\/x.com\\\/MuseuDali\",\"https:\\\/\\\/www.youtube.com\\\/user\\\/FundacioDali\",\"https:\\\/\\\/www.flickr.com\\\/fundacio_dali\\\/\",\"https:\\\/\\\/instagram.com\\\/museudali\"]}]}<\/script>\n<!-- \/ Yoast SEO plugin. -->","yoast_head_json":{"title":"La Madona de Portlligat | Fundaci\u00f3 Gala - Salvador Dal\u00ed","description":"After 73 years abroad and thanks to an exceptional loan arising from collaboration with the Fukuoka Art Museum (Japan), the Dal\u00ed Theatre-Museum hosts this key work in the painter\u2019s career.","robots":{"index":"index","follow":"follow","max-snippet":"max-snippet:-1","max-image-preview":"max-image-preview:large","max-video-preview":"max-video-preview:-1"},"canonical":"https:\/\/madona.salvador-dali.org\/en\/","og_locale":"en_US","og_type":"article","og_title":"La Madona de Portlligat | Fundaci\u00f3 Gala - Salvador Dal\u00ed","og_description":"After 73 years abroad and thanks to an exceptional loan arising from collaboration with the Fukuoka Art Museum (Japan), the Dal\u00ed Theatre-Museum hosts this key work in the painter\u2019s career.","og_url":"https:\/\/madona.salvador-dali.org\/en\/","og_site_name":"La Madona de Portlligat","article_publisher":"https:\/\/www.facebook.com\/MuseusDali","article_modified_time":"2025-11-13T11:12:51+00:00","og_image":[{"url":"https:\/\/madona.salvador-dali.org\/wp-content\/uploads\/2025\/09\/video-poster-tot.jpg","type":"","width":"","height":""}],"twitter_card":"summary_large_image","twitter_site":"@MuseuDali","twitter_misc":{"Est. reading time":"5 minutes"},"schema":{"@context":"https:\/\/schema.org","@graph":[{"@type":"WebPage","@id":"https:\/\/madona.salvador-dali.org\/en\/","url":"https:\/\/madona.salvador-dali.org\/en\/","name":"La Madona de Portlligat | Fundaci\u00f3 Gala - Salvador Dal\u00ed","isPartOf":{"@id":"https:\/\/madona.salvador-dali.org\/en\/#website"},"primaryImageOfPage":{"@id":"https:\/\/madona.salvador-dali.org\/en\/#primaryimage"},"image":{"@id":"https:\/\/madona.salvador-dali.org\/en\/#primaryimage"},"thumbnailUrl":"https:\/\/madona.salvador-dali.org\/wp-content\/uploads\/2025\/09\/video-poster-tot.jpg","datePublished":"2025-05-25T07:12:22+00:00","dateModified":"2025-11-13T11:12:51+00:00","description":"After 73 years abroad and thanks to an exceptional loan arising from collaboration with the Fukuoka Art Museum (Japan), the Dal\u00ed Theatre-Museum hosts this key work in the painter\u2019s career.","breadcrumb":{"@id":"https:\/\/madona.salvador-dali.org\/en\/#breadcrumb"},"inLanguage":"en-US","potentialAction":[{"@type":"ReadAction","target":["https:\/\/madona.salvador-dali.org\/en\/"]}]},{"@type":"ImageObject","inLanguage":"en-US","@id":"https:\/\/madona.salvador-dali.org\/en\/#primaryimage","url":"https:\/\/madona.salvador-dali.org\/wp-content\/uploads\/2025\/09\/video-poster-tot.jpg","contentUrl":"https:\/\/madona.salvador-dali.org\/wp-content\/uploads\/2025\/09\/video-poster-tot.jpg"},{"@type":"BreadcrumbList","@id":"https:\/\/madona.salvador-dali.org\/en\/#breadcrumb","itemListElement":[{"@type":"ListItem","position":1,"name":"Inici","item":"https:\/\/madona.salvador-dali.org\/en\/"},{"@type":"ListItem","position":2,"name":"Home"}]},{"@type":"WebSite","@id":"https:\/\/madona.salvador-dali.org\/en\/#website","url":"https:\/\/madona.salvador-dali.org\/en\/","name":"La Madona de Portlligat","description":"Una explosi\u00f3 on\u00edrica","publisher":{"@id":"https:\/\/madona.salvador-dali.org\/en\/#organization"},"potentialAction":[{"@type":"SearchAction","target":{"@type":"EntryPoint","urlTemplate":"https:\/\/madona.salvador-dali.org\/en\/?s={search_term_string}"},"query-input":{"@type":"PropertyValueSpecification","valueRequired":true,"valueName":"search_term_string"}}],"inLanguage":"en-US"},{"@type":"Organization","@id":"https:\/\/madona.salvador-dali.org\/en\/#organization","name":"Fundaci\u00f3 Gala-Salvador Dal\u00ed","url":"https:\/\/madona.salvador-dali.org\/en\/","logo":{"@type":"ImageObject","inLanguage":"en-US","@id":"https:\/\/madona.salvador-dali.org\/en\/#\/schema\/logo\/image\/","url":"https:\/\/madona.salvador-dali.org\/wp-content\/uploads\/2025\/08\/logo-fundacio-gala-salvador-black.svg","contentUrl":"https:\/\/madona.salvador-dali.org\/wp-content\/uploads\/2025\/08\/logo-fundacio-gala-salvador-black.svg","caption":"Fundaci\u00f3 Gala-Salvador Dal\u00ed"},"image":{"@id":"https:\/\/madona.salvador-dali.org\/en\/#\/schema\/logo\/image\/"},"sameAs":["https:\/\/www.facebook.com\/MuseusDali","https:\/\/x.com\/MuseuDali","https:\/\/www.youtube.com\/user\/FundacioDali","https:\/\/www.flickr.com\/fundacio_dali\/","https:\/\/instagram.com\/museudali"]}]}},"_links":{"self":[{"href":"https:\/\/madona.salvador-dali.org\/en\/wp-json\/wp\/v2\/pages\/2380","targetHints":{"allow":["GET"]}}],"collection":[{"href":"https:\/\/madona.salvador-dali.org\/en\/wp-json\/wp\/v2\/pages"}],"about":[{"href":"https:\/\/madona.salvador-dali.org\/en\/wp-json\/wp\/v2\/types\/page"}],"author":[{"embeddable":true,"href":"https:\/\/madona.salvador-dali.org\/en\/wp-json\/wp\/v2\/users\/6"}],"replies":[{"embeddable":true,"href":"https:\/\/madona.salvador-dali.org\/en\/wp-json\/wp\/v2\/comments?post=2380"}],"version-history":[{"count":86,"href":"https:\/\/madona.salvador-dali.org\/en\/wp-json\/wp\/v2\/pages\/2380\/revisions"}],"predecessor-version":[{"id":3474,"href":"https:\/\/madona.salvador-dali.org\/en\/wp-json\/wp\/v2\/pages\/2380\/revisions\/3474"}],"wp:attachment":[{"href":"https:\/\/madona.salvador-dali.org\/en\/wp-json\/wp\/v2\/media?parent=2380"}],"curies":[{"name":"wp","href":"https:\/\/api.w.org\/{rel}","templated":true}]}}